{"id":139,"date":"2011-12-02T16:02:24","date_gmt":"2011-12-02T16:02:24","guid":{"rendered":"http:\/\/cms.impact-structures.com\/?page_id=139"},"modified":"2012-05-16T14:31:25","modified_gmt":"2012-05-16T14:31:25","slug":"the-2005-autovia-mudejar-geological-exposures","status":"publish","type":"page","link":"http:\/\/estructuras-de-impacto.impact-structures.com\/?page_id=139","title":{"rendered":"Autov\u00eda Mud\u00e9jar: afloramientos geol\u00f3gicos"},"content":{"rendered":"<h2><strong>Autovia Mudejar: construyendo una autopista en una estructura de impacto &#8230;.<\/strong><\/h2>\n<p>En el a\u00f1o 2005, una gran oportunidad se present\u00f3 mientras estudi\u00e1bamos la zona externa de la estructura de impacto de Azuara. Durante la construcci\u00f3n de la autov\u00eda Mud\u00e9jar (<a href=\"http:\/\/es.wikipedia.org\/wiki\/Autov%C3%ADa_Mud%C3%A9jar\" target=\"_blank\">http:\/\/es.wikipedia.org\/wiki\/Autov%C3%ADa_Mud%C3%A9jar<\/a>) entre Valencia y Zaragoza, la carretera realiz\u00f3 un corte a trav\u00e9s del Paleozoico de la cadena monta\u00f1osa de la rama este de la Cordillera Ib\u00e9rica (Fig.1).<\/p>\n<p>Algunos kil\u00f3metros de rocas maravillosamente expuestas a lo largo de trincheras fuertemente verticalizadas fueron accesibles durante un tiempo. Nunca antes hubo tal oportunidad para ver y estudiar la estructura interna del Paleozoico afectado por el impacto de la zona del borde oeste del cr\u00e1ter de Azuara. De este modo, se hizo patente la existencia en el Paleozoico de una continuaci\u00f3n de las dr\u00e1sticas y extensas destrucciones que estaban presentes en las rocas del Mesozoico \u00a0sitas en el borde norte de la zona norte de la estructura anular externa del Mesozoico (ver Fig. 1). Desafortunadamente, la autov\u00eda est\u00e1 en funcionamiento y los taludes est\u00e1n cubiertos por una extensa red met\u00e1lica (por razones que mostraremos m\u00e1s abajo). A destacar que por lo que sabemos, nadie del instituto geol\u00f3gico de la cercana universidad de Zaragoza ha trabajado sobre estos afloramientos excepcionales.<\/p>\n<p>A continuaci\u00f3n mostraremos una selecci\u00f3n de fotos que reflejan t\u00edpicamente las dr\u00e1sticas destrucciones y los rasgos relacionados con el impacto, especialmente los abundantes diques de brechas que penetran las rocas Paleozoicas. Como puede apreciarse a partir de los afloramientos de una manera convincente, los diques no pueden ser confundidos con brechas tect\u00f3nicas de falla, y por otra parte es dif\u00edcil atribuirlos a la carstificaci\u00f3n dada la naturaleza silicatada de las rocas afectadas (como podr\u00eda serlo por parte de los oponentes al impacto de Azuara).<\/p>\n<p><img loading=\"lazy\" decoding=\"async\" src=\"http:\/\/www.impact-structures.com\/spain\/geological\/image002.gif\" alt=\"Image002\" width=\"389\" height=\"302\" \/><\/p>\n<p><strong>Fig. 1. Mapa de localizaci\u00f3n de la autov\u00eda que transcurre al sur de Paniza y que ha permitido exponer las rocas del Paleozoico afectadas por impacto de la parte oeste de la zona del borde de Azuara.<\/strong><\/p>\n<p><strong> <img loading=\"lazy\" decoding=\"async\" src=\"http:\/\/www.impact-structures.com\/spain\/geological\/image004.gif\" alt=\"Image004\" width=\"300\" height=\"225\" \/><\/strong><\/p>\n<p><strong>Fig. 2. Voluminosa brechificaci\u00f3n dr\u00e1stica en tr\u00e1nsito hacia la megabrechificaci\u00f3n. Figs. 3 y 4 muestran un sistema de diques de brecha que intersectan este complejo.<\/strong><\/p>\n<p><img loading=\"lazy\" decoding=\"async\" src=\"http:\/\/www.impact-structures.com\/spain\/geological\/image006.gif\" alt=\"Image006\" width=\"300\" height=\"225\" \/><\/p>\n<p><strong>Fig. 3.\u00a0Detalle de la pared de la Fig. 2. M\u00e1s detalle en la Fig. 4.<\/strong><\/p>\n<p><img loading=\"lazy\" decoding=\"async\" src=\"http:\/\/www.impact-structures.com\/spain\/geological\/image008.gif\" alt=\"Image008\" width=\"295\" height=\"393\" \/><\/p>\n<p><strong>Fig. 4.\u00a0Detalle del sistema de diques de brecha que intersectan las rocas del Paleozoico. Puede apreciarse la t\u00edpica estructura en H de los diques, muy com\u00fan en las estructuras de impacto de Azuara y Rubielos de la C\u00e9rida (ver la p\u00e1gina de Azuara correspondiente a los <a href=\"http:\/\/estructuras-de-impacto.impact-structures.com\/?page_id=127\" target=\"_blank\">diques de brechas<\/a>). El enrejado t\u00edpico es incompatible con la brechificaci\u00f3n por falla.<\/strong><\/p>\n<p><img loading=\"lazy\" decoding=\"async\" src=\"http:\/\/www.impact-structures.com\/spain\/geological\/image010.gif\" alt=\"Image010\" width=\"288\" height=\"383\" \/><\/p>\n<p><strong>Fig. 5.\u00a0Otro aspecto de la dr\u00e1stica destrucci\u00f3n. N\u00f3tense las grandes bolsadas internas de brechificaci\u00f3n de las rocas duras que pasan a fracci\u00f3n arena (ejemplificadas en la parte superior)<\/strong><\/p>\n<p><img loading=\"lazy\" decoding=\"async\" src=\"http:\/\/www.impact-structures.com\/spain\/geological\/image012.gif\" alt=\"Image012\" width=\"291\" height=\"386\" \/><\/p>\n<p><strong>Fig. 6.\u00a0Otro sistema de diques de brechas. Detalles en las Figs. 7 y 8.<\/strong><\/p>\n<p><img loading=\"lazy\" decoding=\"async\" src=\"http:\/\/www.impact-structures.com\/spain\/geological\/image014.gif\" alt=\"Image014\" width=\"293\" height=\"221\" \/><\/p>\n<p><strong>Fig. 7.\u00a0 Detalle del sistema de diques de la Fig. 6 que muestra, otra vez, una configuraci\u00f3n de tipo H.<\/strong><\/p>\n<p><img loading=\"lazy\" decoding=\"async\" src=\"http:\/\/www.impact-structures.com\/spain\/geological\/image016.gif\" alt=\"Image016\" width=\"293\" height=\"220\" \/><\/p>\n<p><strong>Fig. 8.\u00a0 Detalle. N\u00f3tese que una roca de facies completamente diferente ha sido inyectada en el interior de la roca hu\u00e9sped.\u00a0<\/strong><\/p>\n<p><img loading=\"lazy\" decoding=\"async\" src=\"http:\/\/www.impact-structures.com\/spain\/geological\/image018.gif\" alt=\"Image018\" width=\"296\" height=\"395\" \/><\/p>\n<p><strong>Fig. 9.\u00a0Mas diques de brechas cortando de manera brusca las rocas hu\u00e9sped.\u00a0<\/strong><\/p>\n<p><img loading=\"lazy\" decoding=\"async\" src=\"http:\/\/www.impact-structures.com\/spain\/geological\/image020.gif\" alt=\"Image020\" width=\"297\" height=\"396\" \/><\/p>\n<p><strong>Fig. 10.\u00a0Detalle. De manera similar a la Fig. 8, un dique de roca pizarrosa penetra una limolita masiva del Paleozoico. Hay que destacar que en este caso el dique no est\u00e1 compuesto de una brecha como tal. La roca pizarrosa esta intensamente fracturada pero ha preservado ampliamente su textura original sin que haya ninguna matriz.<\/strong><\/p>\n<p><img loading=\"lazy\" decoding=\"async\" src=\"http:\/\/www.impact-structures.com\/spain\/geological\/image022.gif\" alt=\"Image022\" width=\"304\" height=\"404\" \/><\/p>\n<p><strong>Fig. 11.\u00a0 Un sistema de diques de brecha abri\u00e9ndose hacia abajo en abanico.<\/strong><\/p>\n<p><img loading=\"lazy\" decoding=\"async\" src=\"http:\/\/www.impact-structures.com\/spain\/geological\/image024.gif\" alt=\"Image024\" width=\"305\" height=\"230\" \/><\/p>\n<p><strong>Fig. 12.\u00a0 Dique de brechas horizontal que corta una limolita del paleozoico. La apertura de la fisura y la inyecci\u00f3n de materialal\u00f3ctono deben haber requerido fuertes fuerzas de distensi\u00f3n que probablemente fueron producidas por la rarefacci\u00f3n que sigui\u00f3 al paso de frente de choque.\u00a0<\/strong><\/p>\n<p><img loading=\"lazy\" decoding=\"async\" src=\"http:\/\/www.impact-structures.com\/spain\/geological\/image026.gif\" alt=\"Image026\" width=\"305\" height=\"229\" \/><\/p>\n<p><strong>Fig. 13.\u00a0\u00a0Otro prominente dique de brechas horizontal. Detalle en la Fig. 14.<\/strong><\/p>\n<p><img loading=\"lazy\" decoding=\"async\" src=\"http:\/\/www.impact-structures.com\/spain\/geological\/image028.gif\" alt=\"Image028\" width=\"311\" height=\"270\" \/><\/p>\n<p><strong>Fig. 14.\u00a0Detalle del dique horizontal de la Fig. 13. Obs\u00e9rvese\u00a0 el contacto limpio (cual corte de navaja de afeitar) entre el material del dique y la roca hu\u00e9sped.\u00a0<\/strong><\/p>\n<p><img loading=\"lazy\" decoding=\"async\" src=\"http:\/\/www.impact-structures.com\/spain\/geological\/image030.gif\" alt=\"Image030\" width=\"305\" height=\"230\" \/><\/p>\n<p><strong>Fig. 15.\u00a0 Dos potentes diques de brechas intersectando rocas intensamente fragmentadas del Paleozoico.<\/strong><\/p>\n<p>&nbsp;<\/p>\n<p><strong>La construcci\u00f3n de una carretera en un \u00e1rea de impacto<\/strong><\/p>\n<p>Al inicio de nuestro viaje de campo fotogr\u00e1fico a trav\u00e9s de la autov\u00eda mencionamos que hoy en d\u00eda los taludes de la carretera hab\u00edan \u2013 en su mayor\u00eda- desaparecido bajo una densa malla met\u00e1lica. Mientras tanto ustedes pueden tener la impresi\u00f3n de que esto ha sido necesario, aunque originalmente los constructores de la carretera no hab\u00edan obviamente \u00a0previsto este situaci\u00f3n. Ellos no estaban al caso de que constru\u00edan su carretera a trav\u00e9s de la zona del borde de una gran estructura de impacto. Dado que la mayor\u00eda de ge\u00f3logos espa\u00f1oles no han reconocido el gran evento de impacto en su pa\u00eds y que especialmente los ge\u00f3logos de la cercana universidad de Zaragoza m\u00e1s bien se esfuerzan contra las ideas impactistas, no hab\u00eda razones obvias para que los constructores vieran las cosas de un modo diferente a como han sido en otras zonas en las que se han construido carreteras en terrenos Paleozoicos sin problemas. As\u00ed que los taludes fueron probablemente construidos siguiendo los criterios usuales. Cuando la carretera con sus taludes estaba pr\u00e1cticamente ya construida, aparecieron las consecuencias del impacto tal y como puede apreciarse en las fotograf\u00edas que se adjuntan a continuaci\u00f3n. Y ahora, podr\u00e1n entender \u00a0porque los constructores de la carretera tuvieron que utilizar tanta malla met\u00e1lica\u2026..<\/p>\n<h2><span class=\"Apple-style-span\" style=\"color: #333333; font-weight: 300;\"><img loading=\"lazy\" decoding=\"async\" src=\"http:\/\/www.impact-structures.com\/spain\/geological\/image032.gif\" alt=\"Image032\" width=\"288\" height=\"216\" \/><\/span><\/h2>\n<p><strong>Fig. 16.\u00a0 Deslizamiento n\u00famero 1 en un talud de la autov\u00eda casi acabado.<\/strong><\/p>\n<p><img loading=\"lazy\" decoding=\"async\" src=\"http:\/\/www.impact-structures.com\/spain\/geological\/image034.gif\" alt=\"Image034\" width=\"288\" height=\"216\" \/><\/p>\n<p><strong>Fig. 17.\u00a0Deslizamiento n\u00famero 2 en el talud de la autov\u00eda.<\/strong><\/p>\n<p><img loading=\"lazy\" decoding=\"async\" src=\"http:\/\/www.impact-structures.com\/spain\/geological\/image036.gif\" alt=\"Image036\" width=\"294\" height=\"392\" \/><\/p>\n<p><strong>Fig. 18. \u00a0Diferente vista deslizamiento n\u00famero 2.<\/strong><\/p>\n<p><img loading=\"lazy\" decoding=\"async\" src=\"http:\/\/www.impact-structures.com\/spain\/geological\/image038.gif\" alt=\"Image038\" width=\"288\" height=\"216\" \/><\/p>\n<p><strong>Fig. 19.\u00a0Deslizamiento n\u00famero 3 en el talud de la autov\u00eda.<\/strong><\/p>\n<p><img loading=\"lazy\" decoding=\"async\" src=\"http:\/\/www.impact-structures.com\/spain\/geological\/image040.gif\" alt=\"Image040\" width=\"288\" height=\"216\" \/><\/p>\n<p><strong>Fig. 20.\u00a0Deslizamiento n\u00famero 4 en el talud de la autov\u00eda.<\/strong><\/p>\n<p><img loading=\"lazy\" decoding=\"async\" src=\"http:\/\/www.impact-structures.com\/spain\/geological\/image042.gif\" alt=\"Image042\" width=\"288\" height=\"216\" \/><\/p>\n<p><strong>Fig. 21.\u00a0Deslizamiento n\u00famero 5 en el talud de la autov\u00eda.<\/strong><\/p>\n<p><img loading=\"lazy\" decoding=\"async\" src=\"http:\/\/www.impact-structures.com\/spain\/geological\/image044.gif\" alt=\"Image044\" width=\"288\" height=\"217\" \/><\/p>\n<p><strong>Fig. 22. Deslizamiento n\u00famero 6 que afecta al talud de la autov\u00eda.<\/strong><\/p>\n<p><img loading=\"lazy\" decoding=\"async\" src=\"http:\/\/www.impact-structures.com\/spain\/geological\/image046.gif\" alt=\"Image046\" width=\"294\" height=\"222\" \/><\/p>\n<p><strong>Fig. 23.\u00a0Deslizamiento n\u00famero 7 en el talud de la Autov\u00eda.<\/strong><\/p>\n<p><img loading=\"lazy\" decoding=\"async\" src=\"http:\/\/www.impact-structures.com\/spain\/geological\/image048.gif\" alt=\"Image048\" width=\"297\" height=\"604\" \/><\/p>\n<p><strong>Fig. 24.\u00a0Detalle del deslizamiento n\u00famero 7. Puede apreciarse el megabloque removido de la roca intensamente fragmentada.<\/strong><\/p>\n<p><img loading=\"lazy\" decoding=\"async\" src=\"http:\/\/www.impact-structures.com\/spain\/geological\/image050.gif\" alt=\"Image050\" width=\"299\" height=\"225\" \/><\/p>\n<p><strong>Fig. 25.\u00a0Deslizamiento n\u00famero 8 en el talud de la autov\u00eda.<\/strong><\/p>\n<p><img loading=\"lazy\" decoding=\"async\" src=\"http:\/\/www.impact-structures.com\/spain\/geological\/image052.gif\" alt=\"Image052\" width=\"299\" height=\"225\" \/><\/p>\n<p><strong>Fig. 26.\u00a0Deslizamiento n\u00famero 9; megabloques inclinados y formaci\u00f3n de cavernas.<\/strong><\/p>\n<p><img loading=\"lazy\" decoding=\"async\" src=\"http:\/\/www.impact-structures.com\/spain\/geological\/image054.gif\" alt=\"Image054\" width=\"294\" height=\"221\" \/><\/p>\n<p><strong>Fig. 27.\u00a0Deslizamiento n\u00famero 10 en el talud de la autov\u00eda.<\/strong><\/p>\n","protected":false},"excerpt":{"rendered":"<p>Autovia Mudejar: construyendo una autopista en una estructura de impacto &#8230;. En el a\u00f1o 2005, una gran oportunidad se present\u00f3 mientras estudi\u00e1bamos la zona externa de la estructura de impacto de Azuara. Durante la construcci\u00f3n de la autov\u00eda Mud\u00e9jar (http:\/\/es.wikipedia.org\/wiki\/Autov%C3%ADa_Mud%C3%A9jar) entre Valencia y Zaragoza, la carretera realiz\u00f3 un corte a trav\u00e9s del Paleozoico de la &hellip; <a href=\"http:\/\/estructuras-de-impacto.impact-structures.com\/?page_id=139\" class=\"more-link\">Continuar leyendo<span class=\"screen-reader-text\"> \u00abAutov\u00eda Mud\u00e9jar: afloramientos geol\u00f3gicos\u00bb<\/span><\/a><\/p>\n","protected":false},"author":1,"featured_media":0,"parent":119,"menu_order":0,"comment_status":"closed","ping_status":"closed","template":"sidebar-page.php","meta":{"footnotes":""},"class_list":["post-139","page","type-page","status-publish","hentry"],"yoast_head":"<!-- This site is optimized with the Yoast SEO plugin v27.3 - https:\/\/yoast.com\/product\/yoast-seo-wordpress\/ -->\n<title>Autov\u00eda Mud\u00e9jar: afloramientos geol\u00f3gicos - ERNSTSON CLAUDIN ESTRUCTURAS DE IMPACTO - CR\u00c1TERES METEOR\u00cdTICOS<\/title>\n<meta name=\"robots\" content=\"index, follow, max-snippet:-1, max-image-preview:large, max-video-preview:-1\" \/>\n<link rel=\"canonical\" href=\"https:\/\/estructuras-de-impacto.impact-structures.com\/?page_id=139\" \/>\n<meta property=\"og:locale\" content=\"es_ES\" \/>\n<meta property=\"og:type\" content=\"article\" \/>\n<meta property=\"og:title\" content=\"Autov\u00eda Mud\u00e9jar: afloramientos geol\u00f3gicos - ERNSTSON CLAUDIN ESTRUCTURAS DE IMPACTO - CR\u00c1TERES METEOR\u00cdTICOS\" \/>\n<meta property=\"og:description\" content=\"Autovia Mudejar: construyendo una autopista en una estructura de impacto &#8230;. En el a\u00f1o 2005, una gran oportunidad se present\u00f3 mientras estudi\u00e1bamos la zona externa de la estructura de impacto de Azuara. Durante la construcci\u00f3n de la autov\u00eda Mud\u00e9jar (http:\/\/es.wikipedia.org\/wiki\/Autov%C3%ADa_Mud%C3%A9jar) entre Valencia y Zaragoza, la carretera realiz\u00f3 un corte a trav\u00e9s del Paleozoico de la &hellip; Continuar leyendo &quot;Autov\u00eda Mud\u00e9jar: afloramientos geol\u00f3gicos&quot;\" \/>\n<meta property=\"og:url\" content=\"https:\/\/estructuras-de-impacto.impact-structures.com\/?page_id=139\" \/>\n<meta property=\"og:site_name\" content=\"ERNSTSON CLAUDIN ESTRUCTURAS DE IMPACTO - CR\u00c1TERES METEOR\u00cdTICOS\" \/>\n<meta property=\"article:modified_time\" content=\"2012-05-16T14:31:25+00:00\" \/>\n<meta property=\"og:image\" content=\"http:\/\/www.impact-structures.com\/spain\/geological\/image002.gif\" \/>\n<meta name=\"twitter:card\" content=\"summary_large_image\" \/>\n<meta name=\"twitter:label1\" content=\"Tiempo de lectura\" \/>\n\t<meta name=\"twitter:data1\" content=\"6 minutos\" \/>\n<script type=\"application\/ld+json\" class=\"yoast-schema-graph\">{\"@context\":\"https:\\\/\\\/schema.org\",\"@graph\":[{\"@type\":\"WebPage\",\"@id\":\"https:\\\/\\\/estructuras-de-impacto.impact-structures.com\\\/?page_id=139\",\"url\":\"https:\\\/\\\/estructuras-de-impacto.impact-structures.com\\\/?page_id=139\",\"name\":\"Autov\u00eda Mud\u00e9jar: afloramientos geol\u00f3gicos - ERNSTSON CLAUDIN ESTRUCTURAS DE IMPACTO - CR\u00c1TERES METEOR\u00cdTICOS\",\"isPartOf\":{\"@id\":\"http:\\\/\\\/estructuras-de-impacto.impact-structures.com\\\/#website\"},\"primaryImageOfPage\":{\"@id\":\"https:\\\/\\\/estructuras-de-impacto.impact-structures.com\\\/?page_id=139#primaryimage\"},\"image\":{\"@id\":\"https:\\\/\\\/estructuras-de-impacto.impact-structures.com\\\/?page_id=139#primaryimage\"},\"thumbnailUrl\":\"http:\\\/\\\/www.impact-structures.com\\\/spain\\\/geological\\\/image002.gif\",\"datePublished\":\"2011-12-02T16:02:24+00:00\",\"dateModified\":\"2012-05-16T14:31:25+00:00\",\"breadcrumb\":{\"@id\":\"https:\\\/\\\/estructuras-de-impacto.impact-structures.com\\\/?page_id=139#breadcrumb\"},\"inLanguage\":\"es\",\"potentialAction\":[{\"@type\":\"ReadAction\",\"target\":[\"https:\\\/\\\/estructuras-de-impacto.impact-structures.com\\\/?page_id=139\"]}]},{\"@type\":\"ImageObject\",\"inLanguage\":\"es\",\"@id\":\"https:\\\/\\\/estructuras-de-impacto.impact-structures.com\\\/?page_id=139#primaryimage\",\"url\":\"http:\\\/\\\/www.impact-structures.com\\\/spain\\\/geological\\\/image002.gif\",\"contentUrl\":\"http:\\\/\\\/www.impact-structures.com\\\/spain\\\/geological\\\/image002.gif\"},{\"@type\":\"BreadcrumbList\",\"@id\":\"https:\\\/\\\/estructuras-de-impacto.impact-structures.com\\\/?page_id=139#breadcrumb\",\"itemListElement\":[{\"@type\":\"ListItem\",\"position\":1,\"name\":\"Portada\",\"item\":\"http:\\\/\\\/estructuras-de-impacto.impact-structures.com\\\/\"},{\"@type\":\"ListItem\",\"position\":2,\"name\":\"Las estructuras de impacto en Espa\u00f1a\",\"item\":\"http:\\\/\\\/estructuras-de-impacto.impact-structures.com\\\/?page_id=1404\"},{\"@type\":\"ListItem\",\"position\":3,\"name\":\"La estructura de impacto de Azuara\",\"item\":\"http:\\\/\\\/estructuras-de-impacto.impact-structures.com\\\/?page_id=119\"},{\"@type\":\"ListItem\",\"position\":4,\"name\":\"Autov\u00eda Mud\u00e9jar: afloramientos geol\u00f3gicos\"}]},{\"@type\":\"WebSite\",\"@id\":\"http:\\\/\\\/estructuras-de-impacto.impact-structures.com\\\/#website\",\"url\":\"http:\\\/\\\/estructuras-de-impacto.impact-structures.com\\\/\",\"name\":\"ERNSTSON CLAUDIN ESTRUCTURAS DE IMPACTO - CR\u00c1TERES METEOR\u00cdTICOS\",\"description\":\"Investigaci\u00f3n sobre la geolog\u00eda, geof\u00edsica, y petrolog\u00eda\",\"potentialAction\":[{\"@type\":\"SearchAction\",\"target\":{\"@type\":\"EntryPoint\",\"urlTemplate\":\"http:\\\/\\\/estructuras-de-impacto.impact-structures.com\\\/?s={search_term_string}\"},\"query-input\":{\"@type\":\"PropertyValueSpecification\",\"valueRequired\":true,\"valueName\":\"search_term_string\"}}],\"inLanguage\":\"es\"}]}<\/script>\n<!-- \/ Yoast SEO plugin. -->","yoast_head_json":{"title":"Autov\u00eda Mud\u00e9jar: afloramientos geol\u00f3gicos - ERNSTSON CLAUDIN ESTRUCTURAS DE IMPACTO - CR\u00c1TERES METEOR\u00cdTICOS","robots":{"index":"index","follow":"follow","max-snippet":"max-snippet:-1","max-image-preview":"max-image-preview:large","max-video-preview":"max-video-preview:-1"},"canonical":"https:\/\/estructuras-de-impacto.impact-structures.com\/?page_id=139","og_locale":"es_ES","og_type":"article","og_title":"Autov\u00eda Mud\u00e9jar: afloramientos geol\u00f3gicos - ERNSTSON CLAUDIN ESTRUCTURAS DE IMPACTO - CR\u00c1TERES METEOR\u00cdTICOS","og_description":"Autovia Mudejar: construyendo una autopista en una estructura de impacto &#8230;. En el a\u00f1o 2005, una gran oportunidad se present\u00f3 mientras estudi\u00e1bamos la zona externa de la estructura de impacto de Azuara. Durante la construcci\u00f3n de la autov\u00eda Mud\u00e9jar (http:\/\/es.wikipedia.org\/wiki\/Autov%C3%ADa_Mud%C3%A9jar) entre Valencia y Zaragoza, la carretera realiz\u00f3 un corte a trav\u00e9s del Paleozoico de la &hellip; Continuar leyendo \"Autov\u00eda Mud\u00e9jar: afloramientos geol\u00f3gicos\"","og_url":"https:\/\/estructuras-de-impacto.impact-structures.com\/?page_id=139","og_site_name":"ERNSTSON CLAUDIN ESTRUCTURAS DE IMPACTO - CR\u00c1TERES METEOR\u00cdTICOS","article_modified_time":"2012-05-16T14:31:25+00:00","og_image":[{"url":"http:\/\/www.impact-structures.com\/spain\/geological\/image002.gif","type":"","width":"","height":""}],"twitter_card":"summary_large_image","twitter_misc":{"Tiempo de lectura":"6 minutos"},"schema":{"@context":"https:\/\/schema.org","@graph":[{"@type":"WebPage","@id":"https:\/\/estructuras-de-impacto.impact-structures.com\/?page_id=139","url":"https:\/\/estructuras-de-impacto.impact-structures.com\/?page_id=139","name":"Autov\u00eda Mud\u00e9jar: afloramientos geol\u00f3gicos - ERNSTSON CLAUDIN ESTRUCTURAS DE IMPACTO - CR\u00c1TERES METEOR\u00cdTICOS","isPartOf":{"@id":"http:\/\/estructuras-de-impacto.impact-structures.com\/#website"},"primaryImageOfPage":{"@id":"https:\/\/estructuras-de-impacto.impact-structures.com\/?page_id=139#primaryimage"},"image":{"@id":"https:\/\/estructuras-de-impacto.impact-structures.com\/?page_id=139#primaryimage"},"thumbnailUrl":"http:\/\/www.impact-structures.com\/spain\/geological\/image002.gif","datePublished":"2011-12-02T16:02:24+00:00","dateModified":"2012-05-16T14:31:25+00:00","breadcrumb":{"@id":"https:\/\/estructuras-de-impacto.impact-structures.com\/?page_id=139#breadcrumb"},"inLanguage":"es","potentialAction":[{"@type":"ReadAction","target":["https:\/\/estructuras-de-impacto.impact-structures.com\/?page_id=139"]}]},{"@type":"ImageObject","inLanguage":"es","@id":"https:\/\/estructuras-de-impacto.impact-structures.com\/?page_id=139#primaryimage","url":"http:\/\/www.impact-structures.com\/spain\/geological\/image002.gif","contentUrl":"http:\/\/www.impact-structures.com\/spain\/geological\/image002.gif"},{"@type":"BreadcrumbList","@id":"https:\/\/estructuras-de-impacto.impact-structures.com\/?page_id=139#breadcrumb","itemListElement":[{"@type":"ListItem","position":1,"name":"Portada","item":"http:\/\/estructuras-de-impacto.impact-structures.com\/"},{"@type":"ListItem","position":2,"name":"Las estructuras de impacto en Espa\u00f1a","item":"http:\/\/estructuras-de-impacto.impact-structures.com\/?page_id=1404"},{"@type":"ListItem","position":3,"name":"La estructura de impacto de Azuara","item":"http:\/\/estructuras-de-impacto.impact-structures.com\/?page_id=119"},{"@type":"ListItem","position":4,"name":"Autov\u00eda Mud\u00e9jar: afloramientos geol\u00f3gicos"}]},{"@type":"WebSite","@id":"http:\/\/estructuras-de-impacto.impact-structures.com\/#website","url":"http:\/\/estructuras-de-impacto.impact-structures.com\/","name":"ERNSTSON CLAUDIN ESTRUCTURAS DE IMPACTO - CR\u00c1TERES METEOR\u00cdTICOS","description":"Investigaci\u00f3n sobre la geolog\u00eda, geof\u00edsica, y petrolog\u00eda","potentialAction":[{"@type":"SearchAction","target":{"@type":"EntryPoint","urlTemplate":"http:\/\/estructuras-de-impacto.impact-structures.com\/?s={search_term_string}"},"query-input":{"@type":"PropertyValueSpecification","valueRequired":true,"valueName":"search_term_string"}}],"inLanguage":"es"}]}},"_links":{"self":[{"href":"http:\/\/estructuras-de-impacto.impact-structures.com\/index.php?rest_route=\/wp\/v2\/pages\/139","targetHints":{"allow":["GET"]}}],"collection":[{"href":"http:\/\/estructuras-de-impacto.impact-structures.com\/index.php?rest_route=\/wp\/v2\/pages"}],"about":[{"href":"http:\/\/estructuras-de-impacto.impact-structures.com\/index.php?rest_route=\/wp\/v2\/types\/page"}],"author":[{"embeddable":true,"href":"http:\/\/estructuras-de-impacto.impact-structures.com\/index.php?rest_route=\/wp\/v2\/users\/1"}],"replies":[{"embeddable":true,"href":"http:\/\/estructuras-de-impacto.impact-structures.com\/index.php?rest_route=%2Fwp%2Fv2%2Fcomments&post=139"}],"version-history":[{"count":0,"href":"http:\/\/estructuras-de-impacto.impact-structures.com\/index.php?rest_route=\/wp\/v2\/pages\/139\/revisions"}],"up":[{"embeddable":true,"href":"http:\/\/estructuras-de-impacto.impact-structures.com\/index.php?rest_route=\/wp\/v2\/pages\/119"}],"wp:attachment":[{"href":"http:\/\/estructuras-de-impacto.impact-structures.com\/index.php?rest_route=%2Fwp%2Fv2%2Fmedia&parent=139"}],"curies":[{"name":"wp","href":"https:\/\/api.w.org\/{rel}","templated":true}]}}