{"id":133,"date":"2011-12-02T16:00:19","date_gmt":"2011-12-02T16:00:19","guid":{"rendered":"http:\/\/cms.impact-structures.com\/?page_id=133"},"modified":"2012-05-06T10:27:07","modified_gmt":"2012-05-06T10:27:07","slug":"peculiar-structural-features-in-the-azuara-impact-structure","status":"publish","type":"page","link":"http:\/\/estructuras-de-impacto.impact-structures.com\/?page_id=133","title":{"rendered":"Caracter\u00edsticas estructurales"},"content":{"rendered":"<h2>Caracter\u00edsticas estructurales en la estructura de impacto de Azuara<\/h2>\n<p>M\u00e1s a menudo que en el caso de la tect\u00f3nica, los rasgos estructurales en las estructuras de impacto pueden reflejar cambios muy r\u00e1pidos de los campos de esfuerzos (en amplitud y direcci\u00f3n). Entre estos procesos, la intensa rarefacci\u00f3n juega un gran papel dando lugar a rasgos distensivos independientemente de la consiguiente compresi\u00f3n. La rarefacci\u00f3n es un proceso b\u00e1sico en la craterizaci\u00f3n por impacto, que puede dar lugar a fuerzas distensivas por el descenso de la presi\u00f3n e incluso la formaci\u00f3n del vacio. De este modo, complejos estratificados pueden ser separados unos de otros en su totalidad, pudiendo ser explicadas las estructuras observadas de un modo m\u00e1s satisfactorio por el modelo de rarefacci\u00f3n.<\/p>\n<p>Comparado con los cr\u00e1teres desarrollados en objetivos cristalinos, el objetivo sedimentario de Azuara combinado con las excelentes condiciones de afloramientos permite adentrarse en un mundo geol\u00f3gico peculiar.<\/p>\n<p><img loading=\"lazy\" decoding=\"async\" src=\"http:\/\/www.impact-structures.com\/spain\/structural\/image002.gif\" alt=\"Image002\" width=\"293\" height=\"196\" \/><img loading=\"lazy\" decoding=\"async\" src=\"http:\/\/www.impact-structures.com\/spain\/structural\/image004.gif\" alt=\"Image004\" width=\"212\" height=\"142\" \/><\/p>\n<p>Fig. 1. Caracter\u00edsticas estructurales peculiares en calizas del Dogger (zona ubicada en el muro de la estructura, Barranco de Bocaf\u00f3z, Almonacid de la Cuba).<\/p>\n<p><img loading=\"lazy\" decoding=\"async\" src=\"http:\/\/www.impact-structures.com\/spain\/structural\/image006.gif\" alt=\"Image006\" width=\"293\" height=\"140\" \/><\/p>\n<p>Fig. 2. Diagrama de otro rasgo estructural muy peculiar sito en el Barranco de Bojaf\u00f3z, en Almonacid de la Cuba. Al igual que en la situaci\u00f3n mostrada en la Fig. 1, el cabalgamiento horizontal de las capas de calizas plegadas requiere intesnsas fuerzas distensivas.<\/p>\n<p>Una extra\u00f1a deformaci\u00f3n puede observarse tambi\u00e9n en el borde la estructura de impacto de Azuara (Fig. 3) que tiene su hom\u00f3loga en las calizas aut\u00f3ctonas del Jur\u00e1sico sitas en la parte este del borde la estructura de impacto de Ries (Wemding; anteriormente la cantera de Schneider; Fig. 4). El extra\u00f1o cambio s\u00fabito desde una estratificaci\u00f3n horizontal a una caliza intensamente plegada puede interpretarse como un cabalgamiento horizontal bajo una intensa presi\u00f3n de carga durante el proceso de excavaci\u00f3n y eyecci\u00f3n.<\/p>\n<p><img loading=\"lazy\" decoding=\"async\" src=\"http:\/\/www.impact-structures.com\/spain\/structural\/image008.gif\" alt=\"Image008\" width=\"291\" height=\"386\" \/><\/p>\n<p>Fig. 3. Aguil\u00f3n, estructura de Azuara; calizas del Jur\u00e1sico. Obs\u00e9rvese la estratificaci\u00f3n en la base que aboga contra un origen por falla tect\u00f3nica. Igualmente una interpretaci\u00f3n tect\u00f3nica de la estratificaci\u00f3n ofrece considerables dificultades.<\/p>\n<p><img loading=\"lazy\" decoding=\"async\" src=\"http:\/\/www.impact-structures.com\/spain\/structural\/image010.gif\" alt=\"Image010\" width=\"293\" height=\"221\" \/><\/p>\n<p>Fig. 4. Por comparaci\u00f3n: calizas aut\u00f3ctonas del Jur\u00e1sico intensamente deformadas en el borde este de la estructura de impacto de Ries (Wemding; antiguamente la cantera de Schneider). Foto realizada en Julio del 2001.<\/p>\n<p><img loading=\"lazy\" decoding=\"async\" src=\"http:\/\/www.impact-structures.com\/spain\/structural\/image012.gif\" alt=\"Image012\" width=\"288\" height=\"393\" \/><\/p>\n<p>Fig. 5.\u00a0Patr\u00f3n inusual de diaclasado, poco familiar para los ge\u00f3logos estructurales, en la estructura de impacto de Azuara (entre los pueblos de Moneva y Moyuela; la altura del afloramiento es de aproximadamente 5 m.): Conjuntos conjugados de superficies de diaclasas fuertemente curvadas que cortan a calizas del Jur\u00e1sico en barras de una secci\u00f3n aproximadamente romboidal (marcada con l\u00e1piz para su mejor visi\u00f3n). La direcci\u00f3n de buzamiento de los conjuntos curvados as\u00ed como la de otros conjuntos similares localizados en afloramientos parecidos apunta hacia el centro de la estructura de impacto. Probablemente los conjuntos son el resultado de una modulaci\u00f3n del esfuerzo din\u00e1mico inducido por el impacto de fracturas que se generaron durante el flujo de excavaci\u00f3n (ver el modelo propuesto en M\u00fcller &amp; Ernstson 1990) y\u00a0<a href=\"http:\/\/www.impact-structures.com\/2011\/12\/azuara-impact-structure-spain-curved-joint-sets-indication-of-impact-induced-fracturing\/\" target=\"_blank\">http:\/\/www.impact-structures.com\/.<\/a><\/p>\n","protected":false},"excerpt":{"rendered":"<p>Caracter\u00edsticas estructurales en la estructura de impacto de Azuara M\u00e1s a menudo que en el caso de la tect\u00f3nica, los rasgos estructurales en las estructuras de impacto pueden reflejar cambios muy r\u00e1pidos de los campos de esfuerzos (en amplitud y direcci\u00f3n). Entre estos procesos, la intensa rarefacci\u00f3n juega un gran papel dando lugar a rasgos &hellip; <a href=\"http:\/\/estructuras-de-impacto.impact-structures.com\/?page_id=133\" class=\"more-link\">Continuar leyendo<span class=\"screen-reader-text\"> \u00abCaracter\u00edsticas estructurales\u00bb<\/span><\/a><\/p>\n","protected":false},"author":1,"featured_media":0,"parent":119,"menu_order":0,"comment_status":"closed","ping_status":"closed","template":"sidebar-page.php","meta":{"footnotes":""},"class_list":["post-133","page","type-page","status-publish","hentry"],"yoast_head":"<!-- This site is optimized with the Yoast SEO plugin v27.3 - https:\/\/yoast.com\/product\/yoast-seo-wordpress\/ -->\n<title>Caracter\u00edsticas estructurales - ERNSTSON CLAUDIN ESTRUCTURAS DE IMPACTO - CR\u00c1TERES METEOR\u00cdTICOS<\/title>\n<meta name=\"robots\" content=\"index, follow, max-snippet:-1, max-image-preview:large, max-video-preview:-1\" \/>\n<link rel=\"canonical\" href=\"http:\/\/estructuras-de-impacto.impact-structures.com\/?page_id=133\" \/>\n<meta property=\"og:locale\" content=\"es_ES\" \/>\n<meta property=\"og:type\" content=\"article\" \/>\n<meta property=\"og:title\" content=\"Caracter\u00edsticas estructurales - ERNSTSON CLAUDIN ESTRUCTURAS DE IMPACTO - CR\u00c1TERES METEOR\u00cdTICOS\" \/>\n<meta property=\"og:description\" content=\"Caracter\u00edsticas estructurales en la estructura de impacto de Azuara M\u00e1s a menudo que en el caso de la tect\u00f3nica, los rasgos estructurales en las estructuras de impacto pueden reflejar cambios muy r\u00e1pidos de los campos de esfuerzos (en amplitud y direcci\u00f3n). Entre estos procesos, la intensa rarefacci\u00f3n juega un gran papel dando lugar a rasgos &hellip; Continuar leyendo &quot;Caracter\u00edsticas estructurales&quot;\" \/>\n<meta property=\"og:url\" content=\"http:\/\/estructuras-de-impacto.impact-structures.com\/?page_id=133\" \/>\n<meta property=\"og:site_name\" content=\"ERNSTSON CLAUDIN ESTRUCTURAS DE IMPACTO - CR\u00c1TERES METEOR\u00cdTICOS\" \/>\n<meta property=\"article:modified_time\" content=\"2012-05-06T10:27:07+00:00\" \/>\n<meta property=\"og:image\" content=\"http:\/\/www.impact-structures.com\/spain\/structural\/image002.gif\" \/>\n<meta name=\"twitter:card\" content=\"summary_large_image\" \/>\n<meta name=\"twitter:label1\" content=\"Tiempo de lectura\" \/>\n\t<meta name=\"twitter:data1\" content=\"3 minutos\" \/>\n<script type=\"application\/ld+json\" class=\"yoast-schema-graph\">{\"@context\":\"https:\\\/\\\/schema.org\",\"@graph\":[{\"@type\":\"WebPage\",\"@id\":\"http:\\\/\\\/estructuras-de-impacto.impact-structures.com\\\/?page_id=133\",\"url\":\"http:\\\/\\\/estructuras-de-impacto.impact-structures.com\\\/?page_id=133\",\"name\":\"Caracter\u00edsticas estructurales - ERNSTSON CLAUDIN ESTRUCTURAS DE IMPACTO - CR\u00c1TERES METEOR\u00cdTICOS\",\"isPartOf\":{\"@id\":\"http:\\\/\\\/estructuras-de-impacto.impact-structures.com\\\/#website\"},\"primaryImageOfPage\":{\"@id\":\"http:\\\/\\\/estructuras-de-impacto.impact-structures.com\\\/?page_id=133#primaryimage\"},\"image\":{\"@id\":\"http:\\\/\\\/estructuras-de-impacto.impact-structures.com\\\/?page_id=133#primaryimage\"},\"thumbnailUrl\":\"http:\\\/\\\/www.impact-structures.com\\\/spain\\\/structural\\\/image002.gif\",\"datePublished\":\"2011-12-02T16:00:19+00:00\",\"dateModified\":\"2012-05-06T10:27:07+00:00\",\"breadcrumb\":{\"@id\":\"http:\\\/\\\/estructuras-de-impacto.impact-structures.com\\\/?page_id=133#breadcrumb\"},\"inLanguage\":\"es\",\"potentialAction\":[{\"@type\":\"ReadAction\",\"target\":[\"http:\\\/\\\/estructuras-de-impacto.impact-structures.com\\\/?page_id=133\"]}]},{\"@type\":\"ImageObject\",\"inLanguage\":\"es\",\"@id\":\"http:\\\/\\\/estructuras-de-impacto.impact-structures.com\\\/?page_id=133#primaryimage\",\"url\":\"http:\\\/\\\/www.impact-structures.com\\\/spain\\\/structural\\\/image002.gif\",\"contentUrl\":\"http:\\\/\\\/www.impact-structures.com\\\/spain\\\/structural\\\/image002.gif\"},{\"@type\":\"BreadcrumbList\",\"@id\":\"http:\\\/\\\/estructuras-de-impacto.impact-structures.com\\\/?page_id=133#breadcrumb\",\"itemListElement\":[{\"@type\":\"ListItem\",\"position\":1,\"name\":\"Portada\",\"item\":\"http:\\\/\\\/estructuras-de-impacto.impact-structures.com\\\/\"},{\"@type\":\"ListItem\",\"position\":2,\"name\":\"Las estructuras de impacto en Espa\u00f1a\",\"item\":\"http:\\\/\\\/estructuras-de-impacto.impact-structures.com\\\/?page_id=1404\"},{\"@type\":\"ListItem\",\"position\":3,\"name\":\"La estructura de impacto de Azuara\",\"item\":\"http:\\\/\\\/estructuras-de-impacto.impact-structures.com\\\/?page_id=119\"},{\"@type\":\"ListItem\",\"position\":4,\"name\":\"Caracter\u00edsticas estructurales\"}]},{\"@type\":\"WebSite\",\"@id\":\"http:\\\/\\\/estructuras-de-impacto.impact-structures.com\\\/#website\",\"url\":\"http:\\\/\\\/estructuras-de-impacto.impact-structures.com\\\/\",\"name\":\"ERNSTSON CLAUDIN ESTRUCTURAS DE IMPACTO - CR\u00c1TERES METEOR\u00cdTICOS\",\"description\":\"Investigaci\u00f3n sobre la geolog\u00eda, geof\u00edsica, y petrolog\u00eda\",\"potentialAction\":[{\"@type\":\"SearchAction\",\"target\":{\"@type\":\"EntryPoint\",\"urlTemplate\":\"http:\\\/\\\/estructuras-de-impacto.impact-structures.com\\\/?s={search_term_string}\"},\"query-input\":{\"@type\":\"PropertyValueSpecification\",\"valueRequired\":true,\"valueName\":\"search_term_string\"}}],\"inLanguage\":\"es\"}]}<\/script>\n<!-- \/ Yoast SEO plugin. -->","yoast_head_json":{"title":"Caracter\u00edsticas estructurales - ERNSTSON CLAUDIN ESTRUCTURAS DE IMPACTO - CR\u00c1TERES METEOR\u00cdTICOS","robots":{"index":"index","follow":"follow","max-snippet":"max-snippet:-1","max-image-preview":"max-image-preview:large","max-video-preview":"max-video-preview:-1"},"canonical":"http:\/\/estructuras-de-impacto.impact-structures.com\/?page_id=133","og_locale":"es_ES","og_type":"article","og_title":"Caracter\u00edsticas estructurales - ERNSTSON CLAUDIN ESTRUCTURAS DE IMPACTO - CR\u00c1TERES METEOR\u00cdTICOS","og_description":"Caracter\u00edsticas estructurales en la estructura de impacto de Azuara M\u00e1s a menudo que en el caso de la tect\u00f3nica, los rasgos estructurales en las estructuras de impacto pueden reflejar cambios muy r\u00e1pidos de los campos de esfuerzos (en amplitud y direcci\u00f3n). Entre estos procesos, la intensa rarefacci\u00f3n juega un gran papel dando lugar a rasgos &hellip; Continuar leyendo \"Caracter\u00edsticas estructurales\"","og_url":"http:\/\/estructuras-de-impacto.impact-structures.com\/?page_id=133","og_site_name":"ERNSTSON CLAUDIN ESTRUCTURAS DE IMPACTO - CR\u00c1TERES METEOR\u00cdTICOS","article_modified_time":"2012-05-06T10:27:07+00:00","og_image":[{"url":"http:\/\/www.impact-structures.com\/spain\/structural\/image002.gif","type":"","width":"","height":""}],"twitter_card":"summary_large_image","twitter_misc":{"Tiempo de lectura":"3 minutos"},"schema":{"@context":"https:\/\/schema.org","@graph":[{"@type":"WebPage","@id":"http:\/\/estructuras-de-impacto.impact-structures.com\/?page_id=133","url":"http:\/\/estructuras-de-impacto.impact-structures.com\/?page_id=133","name":"Caracter\u00edsticas estructurales - ERNSTSON CLAUDIN ESTRUCTURAS DE IMPACTO - CR\u00c1TERES METEOR\u00cdTICOS","isPartOf":{"@id":"http:\/\/estructuras-de-impacto.impact-structures.com\/#website"},"primaryImageOfPage":{"@id":"http:\/\/estructuras-de-impacto.impact-structures.com\/?page_id=133#primaryimage"},"image":{"@id":"http:\/\/estructuras-de-impacto.impact-structures.com\/?page_id=133#primaryimage"},"thumbnailUrl":"http:\/\/www.impact-structures.com\/spain\/structural\/image002.gif","datePublished":"2011-12-02T16:00:19+00:00","dateModified":"2012-05-06T10:27:07+00:00","breadcrumb":{"@id":"http:\/\/estructuras-de-impacto.impact-structures.com\/?page_id=133#breadcrumb"},"inLanguage":"es","potentialAction":[{"@type":"ReadAction","target":["http:\/\/estructuras-de-impacto.impact-structures.com\/?page_id=133"]}]},{"@type":"ImageObject","inLanguage":"es","@id":"http:\/\/estructuras-de-impacto.impact-structures.com\/?page_id=133#primaryimage","url":"http:\/\/www.impact-structures.com\/spain\/structural\/image002.gif","contentUrl":"http:\/\/www.impact-structures.com\/spain\/structural\/image002.gif"},{"@type":"BreadcrumbList","@id":"http:\/\/estructuras-de-impacto.impact-structures.com\/?page_id=133#breadcrumb","itemListElement":[{"@type":"ListItem","position":1,"name":"Portada","item":"http:\/\/estructuras-de-impacto.impact-structures.com\/"},{"@type":"ListItem","position":2,"name":"Las estructuras de impacto en Espa\u00f1a","item":"http:\/\/estructuras-de-impacto.impact-structures.com\/?page_id=1404"},{"@type":"ListItem","position":3,"name":"La estructura de impacto de Azuara","item":"http:\/\/estructuras-de-impacto.impact-structures.com\/?page_id=119"},{"@type":"ListItem","position":4,"name":"Caracter\u00edsticas estructurales"}]},{"@type":"WebSite","@id":"http:\/\/estructuras-de-impacto.impact-structures.com\/#website","url":"http:\/\/estructuras-de-impacto.impact-structures.com\/","name":"ERNSTSON CLAUDIN ESTRUCTURAS DE IMPACTO - CR\u00c1TERES METEOR\u00cdTICOS","description":"Investigaci\u00f3n sobre la geolog\u00eda, geof\u00edsica, y petrolog\u00eda","potentialAction":[{"@type":"SearchAction","target":{"@type":"EntryPoint","urlTemplate":"http:\/\/estructuras-de-impacto.impact-structures.com\/?s={search_term_string}"},"query-input":{"@type":"PropertyValueSpecification","valueRequired":true,"valueName":"search_term_string"}}],"inLanguage":"es"}]}},"_links":{"self":[{"href":"http:\/\/estructuras-de-impacto.impact-structures.com\/index.php?rest_route=\/wp\/v2\/pages\/133","targetHints":{"allow":["GET"]}}],"collection":[{"href":"http:\/\/estructuras-de-impacto.impact-structures.com\/index.php?rest_route=\/wp\/v2\/pages"}],"about":[{"href":"http:\/\/estructuras-de-impacto.impact-structures.com\/index.php?rest_route=\/wp\/v2\/types\/page"}],"author":[{"embeddable":true,"href":"http:\/\/estructuras-de-impacto.impact-structures.com\/index.php?rest_route=\/wp\/v2\/users\/1"}],"replies":[{"embeddable":true,"href":"http:\/\/estructuras-de-impacto.impact-structures.com\/index.php?rest_route=%2Fwp%2Fv2%2Fcomments&post=133"}],"version-history":[{"count":0,"href":"http:\/\/estructuras-de-impacto.impact-structures.com\/index.php?rest_route=\/wp\/v2\/pages\/133\/revisions"}],"up":[{"embeddable":true,"href":"http:\/\/estructuras-de-impacto.impact-structures.com\/index.php?rest_route=\/wp\/v2\/pages\/119"}],"wp:attachment":[{"href":"http:\/\/estructuras-de-impacto.impact-structures.com\/index.php?rest_route=%2Fwp%2Fv2%2Fmedia&parent=133"}],"curies":[{"name":"wp","href":"https:\/\/api.w.org\/{rel}","templated":true}]}}