{"id":131,"date":"2011-12-02T15:59:41","date_gmt":"2011-12-02T15:59:41","guid":{"rendered":"http:\/\/cms.impact-structures.com\/?page_id=131"},"modified":"2012-05-04T10:06:43","modified_gmt":"2012-05-04T10:06:43","slug":"impactites-some-peculiarities-in-the-azuara-structure","status":"publish","type":"page","link":"http:\/\/estructuras-de-impacto.impact-structures.com\/?page_id=131","title":{"rendered":"Brechas: peculiaridades"},"content":{"rendered":"<h2><img loading=\"lazy\" decoding=\"async\" src=\"http:\/\/www.impact-structures.com\/spain\/peculiarities\/image002.gif\" alt=\"Image002\" width=\"284\" height=\"430\" \/><\/h2>\n<p>Fig. 1.Dique de brechas de coloraci\u00f3n rojiza (el martillo sirve de escala) atravesando una megabrecha polim\u00edctica. Estructura de impacto de Azuara, entre los pueblos de Plenas y Loscos.\u00a0De manera obvia, el dique se emplaz\u00f3 despu\u00e9s o durante la deposici\u00f3n de la brecha. Sugerimos una intrusi\u00f3n desde debajo. Ver detalle en la Fig. 2.<\/p>\n<p><img loading=\"lazy\" decoding=\"async\" src=\"http:\/\/www.impact-structures.com\/spain\/peculiarities\/image004.gif\" alt=\"Image004\" width=\"284\" height=\"430\" \/><\/p>\n<p>Fig. 2. Detalle del dique de brechas de la Fig. 1., en el que pueden apreciarse conductos (marcados por las flechas) dentro del dique. \u00c9stos podr\u00edan ser conductos de desgasificaci\u00f3n.<\/p>\n<p><img loading=\"lazy\" decoding=\"async\" src=\"http:\/\/www.impact-structures.com\/spain\/peculiarities\/image006.gif\" alt=\"Image006\" width=\"281\" height=\"191\" \/><\/p>\n<p>Fig. 3. Bloques calizos del Dogger\/Malm deformados pl\u00e1sticamente de un modo intenso en un dique de brechas polim\u00edcticas cerca de Muniesa. Una excelente y detallada descripci\u00f3n de este dique de 300 m de extensi\u00f3n puede hallarse en la Tesina de G. Mayer (1990).<\/p>\n<p><img loading=\"lazy\" decoding=\"async\" src=\"http:\/\/www.impact-structures.com\/spain\/peculiarities\/image008.gif\" alt=\"Image008\" width=\"287\" height=\"193\" \/><\/p>\n<p>Fig. 4. Diques de brechas atravesando un n\u00f3dulo de chert en una caliza del Li\u00e1sico. Las flechas marcan fragmentos de chert que han sido arrastrados a partir del n\u00f3dulo. El di\u00e1metro de la moneda es de 23 mm. Afloramiento ubicado en el muro de la estructura de impacto anular de Azuara , cerca de Belchite.<\/p>\n<p><img loading=\"lazy\" decoding=\"async\" src=\"http:\/\/www.impact-structures.com\/spain\/peculiarities\/image010.gif\" alt=\"Image010\" width=\"455\" height=\"304\" \/><\/p>\n<p>Figs. 5, 6. Procesos de flujo, inducidos por el impacto en calizas del Muschelkalk, y marcados por fragmentos de chert provinentes de n\u00f3dulos de chert fragmentados. &#8211; Monforte de Moyuela. Fig. 5: N\u00f3dulo de chert fuertemente fragmentado y desintegrado en una caliza del Muschelkalk.<\/p>\n<p><img loading=\"lazy\" decoding=\"async\" src=\"http:\/\/www.impact-structures.com\/spain\/peculiarities\/image012.gif\" alt=\"Image012\" width=\"455\" height=\"304\" \/><\/p>\n<p>Fig. 6. Peque\u00f1os fragmentos blanquecinos de chert que forman alineaciones continuas que parten de los n\u00f3dulos fragmentados. Dada la morfolog\u00eda de los fragmentos \u2013 de bordes extremadamente angulosos \u2013 puede excluirse cualquier tipo de proceso diagen\u00e9tico en su g\u00e9nesis. Al realizar un diagrama con las direcciones de las alineaciones de los fragmentos, este muestra que la direcci\u00f3n preferente apunta hacia el centro de la estructura de impacto de Azuara.\u00a0Se puede leer y observar m\u00e1s en:\u00a0<a href=\"http:\/\/www.impact-structures.com\/2011\/12\/azuara-impact-structure-spain-evidence-of-shock-fluidization-of-competent-limestones\/\">http:\/\/www.impact-structures.com\/<\/a><\/p>\n<p><img loading=\"lazy\" decoding=\"async\" src=\"http:\/\/www.impact-structures.com\/spain\/peculiarities\/image014.gif\" alt=\"Image014\" width=\"311\" height=\"234\" \/><\/p>\n<p>Fig. 7. Estructura de impacto de Azuara. Esta brecha aflora cerca de Almonacid de la Cuba, en el borde NE de la estructura y es con mucho \u00fanica en lo referente a su composici\u00f3n y textura. Dentro de una matriz carbonatada gris\u00e1cea que puede ser densa, porosa o incluso espumosa, se hallan componentes de color blanquecino-n\u00edveo que en muchos casos son extremadamente vesiculados como el que se aprecia en la fotograf\u00eda. La brecha forma parte de un extenso dep\u00f3sito que ha sido investigado en detalle por Tanja Kastchorek (Tesina). Del trabajo de campo y de los an\u00e1lisis petrogr\u00e1ficos, dicha investigadora concluy\u00f3 que el dep\u00f3sito era el resultado de un flujo diluido y turbulento de fundido carbonatado que se expandi\u00f3 de manera similar a las oleadas volc\u00e1nicas (volcanic surges).<\/p>\n<p><img loading=\"lazy\" decoding=\"async\" src=\"http:\/\/www.impact-structures.com\/spain\/peculiarities\/image016.gif\" alt=\"Image016\" width=\"316\" height=\"349\" \/><\/p>\n<p>Fig. 8. Tambi\u00e9n \u00fanico en cuanto a composici\u00f3n y textura es un dep\u00f3sito de brechas cercano a Jaul\u00edn, en la parte Norte de la estructura de Azuara. La muestra que se aprecia en esta imagen est\u00e1 dominada por una matriz compuesta por arenita verdosa probablemente del Terciario inferior que se interpenetra \u00edntimamente con calizas del Jur\u00e1sico de color claro. El car\u00e1cter brechoide de este tipo particular de roca deviene m\u00e1s evidente en la Fig. 9. Puede leerse m\u00e1s sobre el afloramiento de Jaul\u00edn y la interpretaci\u00f3n de la brecha como un tipo de impactita en: <a href=\"http:\/\/www.impact-structures.com\/2011\/12\/the-jaulin-impactite-azuara-spain\/\" target=\"_blank\">http:\/\/www.impact-structures.com\/<\/a><\/p>\n<p><img loading=\"lazy\" decoding=\"async\" src=\"http:\/\/www.impact-structures.com\/spain\/peculiarities\/image018.gif\" alt=\"Image018\" width=\"311\" height=\"257\" \/><\/p>\n<p>Fig. 9. Otro aspecto de la brecha de impacto de Jaul\u00edn en el que se aprecia similitudes con la impactita de Almonacid de la Cuba (Fig. 7.). Comparada con la muestra del Fig. 8, la mezcla intima entre la arenita de color verdoso y el material calizo de color claro es incluso m\u00e1s marcado. Las muestras de Jaul\u00edn son cortes\u00eda de P. Bockstaller.<\/p>\n<p><img loading=\"lazy\" decoding=\"async\" src=\"http:\/\/www.impact-structures.com\/spain\/peculiarities\/image020.gif\" alt=\"Image020\" width=\"311\" height=\"259\" \/><\/p>\n<p>Fig. 10. Estructura de impacto de Azuara: Brecha polim\u00edctica globular. Esta roca es una brecha \u00fanicamente en un sentido amplio. Los componentes globulares acaban formando aglomeraciones de peque\u00f1os fragmentos globulares, y la misma matriz est\u00e1 compuesta de gl\u00f3bulos de tama\u00f1o microsc\u00f3pico. Por estos motivos, se ha propuesto el nombre de glomerolito para este tipo particular de roca. La textura de la roca muestra caracter\u00edsticas intrigantes tales como diferentes cintas (flechas azules) y partes curvadas (flechas blancas). Puede excluirse un origen ligado a la formaci\u00f3n de suelos (p.e., caliche). Adem\u00e1s, sugerimos que la roca es una impactita y que los gl\u00f3bulos se han desarrollado por acreci\u00f3n de material fino disperso en la nube explosiva, de un modo similar a como se origina el lapilli acrecional (Graup, 1981, en un art\u00edculo sobre la Suevita de la estructura de impacto de Ries).<\/p>\n","protected":false},"excerpt":{"rendered":"<p>Fig. 1.Dique de brechas de coloraci\u00f3n rojiza (el martillo sirve de escala) atravesando una megabrecha polim\u00edctica. Estructura de impacto de Azuara, entre los pueblos de Plenas y Loscos.\u00a0De manera obvia, el dique se emplaz\u00f3 despu\u00e9s o durante la deposici\u00f3n de la brecha. Sugerimos una intrusi\u00f3n desde debajo. Ver detalle en la Fig. 2. Fig. 2. &hellip; <a href=\"http:\/\/estructuras-de-impacto.impact-structures.com\/?page_id=131\" class=\"more-link\">Continuar leyendo<span class=\"screen-reader-text\"> \u00abBrechas: peculiaridades\u00bb<\/span><\/a><\/p>\n","protected":false},"author":1,"featured_media":0,"parent":119,"menu_order":0,"comment_status":"closed","ping_status":"closed","template":"sidebar-page.php","meta":{"footnotes":""},"class_list":["post-131","page","type-page","status-publish","hentry"],"yoast_head":"<!-- This site is optimized with the Yoast SEO plugin v27.3 - https:\/\/yoast.com\/product\/yoast-seo-wordpress\/ -->\n<title>Brechas: peculiaridades - ERNSTSON CLAUDIN ESTRUCTURAS DE IMPACTO - CR\u00c1TERES METEOR\u00cdTICOS<\/title>\n<meta name=\"robots\" content=\"index, follow, max-snippet:-1, max-image-preview:large, max-video-preview:-1\" \/>\n<link rel=\"canonical\" href=\"https:\/\/estructuras-de-impacto.impact-structures.com\/?page_id=131\" \/>\n<meta property=\"og:locale\" content=\"es_ES\" \/>\n<meta property=\"og:type\" content=\"article\" \/>\n<meta property=\"og:title\" content=\"Brechas: peculiaridades - ERNSTSON CLAUDIN ESTRUCTURAS DE IMPACTO - CR\u00c1TERES METEOR\u00cdTICOS\" \/>\n<meta property=\"og:description\" content=\"Fig. 1.Dique de brechas de coloraci\u00f3n rojiza (el martillo sirve de escala) atravesando una megabrecha polim\u00edctica. Estructura de impacto de Azuara, entre los pueblos de Plenas y Loscos.\u00a0De manera obvia, el dique se emplaz\u00f3 despu\u00e9s o durante la deposici\u00f3n de la brecha. Sugerimos una intrusi\u00f3n desde debajo. Ver detalle en la Fig. 2. Fig. 2. &hellip; Continuar leyendo &quot;Brechas: peculiaridades&quot;\" \/>\n<meta property=\"og:url\" content=\"https:\/\/estructuras-de-impacto.impact-structures.com\/?page_id=131\" \/>\n<meta property=\"og:site_name\" content=\"ERNSTSON CLAUDIN ESTRUCTURAS DE IMPACTO - CR\u00c1TERES METEOR\u00cdTICOS\" \/>\n<meta property=\"article:modified_time\" content=\"2012-05-04T10:06:43+00:00\" \/>\n<meta property=\"og:image\" content=\"http:\/\/www.impact-structures.com\/spain\/peculiarities\/image002.gif\" \/>\n<meta name=\"twitter:card\" content=\"summary_large_image\" \/>\n<meta name=\"twitter:label1\" content=\"Tiempo de lectura\" \/>\n\t<meta name=\"twitter:data1\" content=\"4 minutos\" \/>\n<script type=\"application\/ld+json\" class=\"yoast-schema-graph\">{\"@context\":\"https:\\\/\\\/schema.org\",\"@graph\":[{\"@type\":\"WebPage\",\"@id\":\"https:\\\/\\\/estructuras-de-impacto.impact-structures.com\\\/?page_id=131\",\"url\":\"https:\\\/\\\/estructuras-de-impacto.impact-structures.com\\\/?page_id=131\",\"name\":\"Brechas: peculiaridades - ERNSTSON CLAUDIN ESTRUCTURAS DE IMPACTO - CR\u00c1TERES METEOR\u00cdTICOS\",\"isPartOf\":{\"@id\":\"http:\\\/\\\/estructuras-de-impacto.impact-structures.com\\\/#website\"},\"primaryImageOfPage\":{\"@id\":\"https:\\\/\\\/estructuras-de-impacto.impact-structures.com\\\/?page_id=131#primaryimage\"},\"image\":{\"@id\":\"https:\\\/\\\/estructuras-de-impacto.impact-structures.com\\\/?page_id=131#primaryimage\"},\"thumbnailUrl\":\"http:\\\/\\\/www.impact-structures.com\\\/spain\\\/peculiarities\\\/image002.gif\",\"datePublished\":\"2011-12-02T15:59:41+00:00\",\"dateModified\":\"2012-05-04T10:06:43+00:00\",\"breadcrumb\":{\"@id\":\"https:\\\/\\\/estructuras-de-impacto.impact-structures.com\\\/?page_id=131#breadcrumb\"},\"inLanguage\":\"es\",\"potentialAction\":[{\"@type\":\"ReadAction\",\"target\":[\"https:\\\/\\\/estructuras-de-impacto.impact-structures.com\\\/?page_id=131\"]}]},{\"@type\":\"ImageObject\",\"inLanguage\":\"es\",\"@id\":\"https:\\\/\\\/estructuras-de-impacto.impact-structures.com\\\/?page_id=131#primaryimage\",\"url\":\"http:\\\/\\\/www.impact-structures.com\\\/spain\\\/peculiarities\\\/image002.gif\",\"contentUrl\":\"http:\\\/\\\/www.impact-structures.com\\\/spain\\\/peculiarities\\\/image002.gif\"},{\"@type\":\"BreadcrumbList\",\"@id\":\"https:\\\/\\\/estructuras-de-impacto.impact-structures.com\\\/?page_id=131#breadcrumb\",\"itemListElement\":[{\"@type\":\"ListItem\",\"position\":1,\"name\":\"Portada\",\"item\":\"http:\\\/\\\/estructuras-de-impacto.impact-structures.com\\\/\"},{\"@type\":\"ListItem\",\"position\":2,\"name\":\"Las estructuras de impacto en Espa\u00f1a\",\"item\":\"http:\\\/\\\/estructuras-de-impacto.impact-structures.com\\\/?page_id=1404\"},{\"@type\":\"ListItem\",\"position\":3,\"name\":\"La estructura de impacto de Azuara\",\"item\":\"http:\\\/\\\/estructuras-de-impacto.impact-structures.com\\\/?page_id=119\"},{\"@type\":\"ListItem\",\"position\":4,\"name\":\"Brechas: peculiaridades\"}]},{\"@type\":\"WebSite\",\"@id\":\"http:\\\/\\\/estructuras-de-impacto.impact-structures.com\\\/#website\",\"url\":\"http:\\\/\\\/estructuras-de-impacto.impact-structures.com\\\/\",\"name\":\"ERNSTSON CLAUDIN ESTRUCTURAS DE IMPACTO - CR\u00c1TERES METEOR\u00cdTICOS\",\"description\":\"Investigaci\u00f3n sobre la geolog\u00eda, geof\u00edsica, y petrolog\u00eda\",\"potentialAction\":[{\"@type\":\"SearchAction\",\"target\":{\"@type\":\"EntryPoint\",\"urlTemplate\":\"http:\\\/\\\/estructuras-de-impacto.impact-structures.com\\\/?s={search_term_string}\"},\"query-input\":{\"@type\":\"PropertyValueSpecification\",\"valueRequired\":true,\"valueName\":\"search_term_string\"}}],\"inLanguage\":\"es\"}]}<\/script>\n<!-- \/ Yoast SEO plugin. -->","yoast_head_json":{"title":"Brechas: peculiaridades - ERNSTSON CLAUDIN ESTRUCTURAS DE IMPACTO - CR\u00c1TERES METEOR\u00cdTICOS","robots":{"index":"index","follow":"follow","max-snippet":"max-snippet:-1","max-image-preview":"max-image-preview:large","max-video-preview":"max-video-preview:-1"},"canonical":"https:\/\/estructuras-de-impacto.impact-structures.com\/?page_id=131","og_locale":"es_ES","og_type":"article","og_title":"Brechas: peculiaridades - ERNSTSON CLAUDIN ESTRUCTURAS DE IMPACTO - CR\u00c1TERES METEOR\u00cdTICOS","og_description":"Fig. 1.Dique de brechas de coloraci\u00f3n rojiza (el martillo sirve de escala) atravesando una megabrecha polim\u00edctica. Estructura de impacto de Azuara, entre los pueblos de Plenas y Loscos.\u00a0De manera obvia, el dique se emplaz\u00f3 despu\u00e9s o durante la deposici\u00f3n de la brecha. Sugerimos una intrusi\u00f3n desde debajo. Ver detalle en la Fig. 2. Fig. 2. &hellip; Continuar leyendo \"Brechas: peculiaridades\"","og_url":"https:\/\/estructuras-de-impacto.impact-structures.com\/?page_id=131","og_site_name":"ERNSTSON CLAUDIN ESTRUCTURAS DE IMPACTO - CR\u00c1TERES METEOR\u00cdTICOS","article_modified_time":"2012-05-04T10:06:43+00:00","og_image":[{"url":"http:\/\/www.impact-structures.com\/spain\/peculiarities\/image002.gif","type":"","width":"","height":""}],"twitter_card":"summary_large_image","twitter_misc":{"Tiempo de lectura":"4 minutos"},"schema":{"@context":"https:\/\/schema.org","@graph":[{"@type":"WebPage","@id":"https:\/\/estructuras-de-impacto.impact-structures.com\/?page_id=131","url":"https:\/\/estructuras-de-impacto.impact-structures.com\/?page_id=131","name":"Brechas: peculiaridades - ERNSTSON CLAUDIN ESTRUCTURAS DE IMPACTO - CR\u00c1TERES METEOR\u00cdTICOS","isPartOf":{"@id":"http:\/\/estructuras-de-impacto.impact-structures.com\/#website"},"primaryImageOfPage":{"@id":"https:\/\/estructuras-de-impacto.impact-structures.com\/?page_id=131#primaryimage"},"image":{"@id":"https:\/\/estructuras-de-impacto.impact-structures.com\/?page_id=131#primaryimage"},"thumbnailUrl":"http:\/\/www.impact-structures.com\/spain\/peculiarities\/image002.gif","datePublished":"2011-12-02T15:59:41+00:00","dateModified":"2012-05-04T10:06:43+00:00","breadcrumb":{"@id":"https:\/\/estructuras-de-impacto.impact-structures.com\/?page_id=131#breadcrumb"},"inLanguage":"es","potentialAction":[{"@type":"ReadAction","target":["https:\/\/estructuras-de-impacto.impact-structures.com\/?page_id=131"]}]},{"@type":"ImageObject","inLanguage":"es","@id":"https:\/\/estructuras-de-impacto.impact-structures.com\/?page_id=131#primaryimage","url":"http:\/\/www.impact-structures.com\/spain\/peculiarities\/image002.gif","contentUrl":"http:\/\/www.impact-structures.com\/spain\/peculiarities\/image002.gif"},{"@type":"BreadcrumbList","@id":"https:\/\/estructuras-de-impacto.impact-structures.com\/?page_id=131#breadcrumb","itemListElement":[{"@type":"ListItem","position":1,"name":"Portada","item":"http:\/\/estructuras-de-impacto.impact-structures.com\/"},{"@type":"ListItem","position":2,"name":"Las estructuras de impacto en Espa\u00f1a","item":"http:\/\/estructuras-de-impacto.impact-structures.com\/?page_id=1404"},{"@type":"ListItem","position":3,"name":"La estructura de impacto de Azuara","item":"http:\/\/estructuras-de-impacto.impact-structures.com\/?page_id=119"},{"@type":"ListItem","position":4,"name":"Brechas: peculiaridades"}]},{"@type":"WebSite","@id":"http:\/\/estructuras-de-impacto.impact-structures.com\/#website","url":"http:\/\/estructuras-de-impacto.impact-structures.com\/","name":"ERNSTSON CLAUDIN ESTRUCTURAS DE IMPACTO - CR\u00c1TERES METEOR\u00cdTICOS","description":"Investigaci\u00f3n sobre la geolog\u00eda, geof\u00edsica, y petrolog\u00eda","potentialAction":[{"@type":"SearchAction","target":{"@type":"EntryPoint","urlTemplate":"http:\/\/estructuras-de-impacto.impact-structures.com\/?s={search_term_string}"},"query-input":{"@type":"PropertyValueSpecification","valueRequired":true,"valueName":"search_term_string"}}],"inLanguage":"es"}]}},"_links":{"self":[{"href":"http:\/\/estructuras-de-impacto.impact-structures.com\/index.php?rest_route=\/wp\/v2\/pages\/131","targetHints":{"allow":["GET"]}}],"collection":[{"href":"http:\/\/estructuras-de-impacto.impact-structures.com\/index.php?rest_route=\/wp\/v2\/pages"}],"about":[{"href":"http:\/\/estructuras-de-impacto.impact-structures.com\/index.php?rest_route=\/wp\/v2\/types\/page"}],"author":[{"embeddable":true,"href":"http:\/\/estructuras-de-impacto.impact-structures.com\/index.php?rest_route=\/wp\/v2\/users\/1"}],"replies":[{"embeddable":true,"href":"http:\/\/estructuras-de-impacto.impact-structures.com\/index.php?rest_route=%2Fwp%2Fv2%2Fcomments&post=131"}],"version-history":[{"count":0,"href":"http:\/\/estructuras-de-impacto.impact-structures.com\/index.php?rest_route=\/wp\/v2\/pages\/131\/revisions"}],"up":[{"embeddable":true,"href":"http:\/\/estructuras-de-impacto.impact-structures.com\/index.php?rest_route=\/wp\/v2\/pages\/119"}],"wp:attachment":[{"href":"http:\/\/estructuras-de-impacto.impact-structures.com\/index.php?rest_route=%2Fwp%2Fv2%2Fmedia&parent=131"}],"curies":[{"name":"wp","href":"https:\/\/api.w.org\/{rel}","templated":true}]}}