{"id":127,"date":"2011-12-02T15:58:07","date_gmt":"2011-12-02T15:58:07","guid":{"rendered":"http:\/\/cms.impact-structures.com\/?page_id=127"},"modified":"2012-05-04T09:55:04","modified_gmt":"2012-05-04T09:55:04","slug":"breccia-dikes-in-the-azuara-impact-structure","status":"publish","type":"page","link":"http:\/\/estructuras-de-impacto.impact-structures.com\/?page_id=127","title":{"rendered":"Azuara: Diques de brechas"},"content":{"rendered":"<p>En las estructuras de impacto, los diques de brecha han jugado un papel importante en la comprensi\u00f3n del proceso de craterizaci\u00f3n por impacto [ver, p.e., Lambert, P. (1981): Breccia dikes: geological constraints on the formation of complex craters. &#8211; In: Multi-ring Basins (R. B. Merrill and P. H. Schultz, eds.) Proc. Lunar Planet Sci., 12A, 59-78, New York (Pergamon Press)]. Han sido citadas en diversas estructuras de impacto, siendo investigadas en detalle por ejemplo en las estructuras de Rochechouart (Francia) y Azuara (Espa\u00f1a).<\/p>\n<p>En la estructura de Azuara es llamativa la abundancia de diques de brecha de impacto y su gran variabilidad [ver FIEBAG, J. (1988): Contributions to the geology of the Azuara structure: Geological mapping in the area between Herrera de los Navarros and Aladr\u00e9n and SE of Almonacid de la Cuba, and special investigations of the breccias and breccia dikes in the light of the impact origin of the Azuara structure. &#8211; Doctoral thesis, Univ. W\u00fcrzburg, 271 pp., W\u00fcrzburg (in German)].<\/p>\n<p>Por lo general se admite que la mayor parte de los diques de brecha se forman durante el estadio de excavaci\u00f3n mediante la inyecci\u00f3n de material fragmentado (brechificado) dentro de las paredes y el suelo de la cavidad de excavaci\u00f3n en expansi\u00f3n. Las posterior formaci\u00f3n de diques de brechas durante el estado de modificaci\u00f3n, que pueden incorporar a las ya previamente formadas, puede dar lugar a diversas generaciones de diques de brechas.<\/p>\n<p><img loading=\"lazy\" decoding=\"async\" src=\"http:\/\/www.impact-structures.com\/spain\/brecciadikes\/image002.gif\" alt=\"Image002\" width=\"305\" height=\"206\" \/><\/p>\n<p>Fig. 1. Diques de brechas en calizas Li\u00e1sicas sitas al sur de Belchite. Frecuentemente, sistemas con diques de brechas orientados m\u00e1s o menos ortogonalmente pueden apreciarse en la estructura de Azuara (y tambi\u00e9n en la de Rubielos de la C\u00e9rida). Hemos denominado a este tipo de diques, diques de tipo H. Sugerimos, adem\u00e1s, que los sistemas de este tipo se originaron a partir de la acci\u00f3n conjunta de la compresi\u00f3n y la subsiguiente distensi\u00f3n a lo largo del proceso de craterizaci\u00f3n (Fig. 2)<\/p>\n<p><img loading=\"lazy\" decoding=\"async\" src=\"http:\/\/www.impact-structures.com\/spain\/brecciadikes\/image004.gif\" alt=\"Image004\" width=\"305\" height=\"212\" \/><\/p>\n<p>Fig. 2. Modelo simple para la formaci\u00f3n de diques de tipo H<\/p>\n<p><img loading=\"lazy\" decoding=\"async\" src=\"http:\/\/www.impact-structures.com\/spain\/brecciadikes\/image006.gif\" alt=\"Image006\" width=\"311\" height=\"234\" \/><\/p>\n<p>Fig. 3. Sistema de diques de brechas de tipo H en calizas Jur\u00e1sicas. Zona de Jaulin en la parte norte del borde de la estructura de Azuara.<\/p>\n<p><img loading=\"lazy\" decoding=\"async\" src=\"http:\/\/www.impact-structures.com\/spain\/brecciadikes\/image008.gif\" alt=\"Image008\" width=\"312\" height=\"207\" \/><\/p>\n<p>Fig. 4. Generaciones de diques de brechas: El dique m\u00e1s joven transcurre dentro del m\u00e1s antiguo. Dique blanquecino del Muschelkalk dentro de un dique del Keuper ambos ubicados en Carniolas (ver tambi\u00e9n Ernstson &amp; Fiebag, 1992). Monforte de Moyuela; di\u00e1metro de la moneda 23 mm.- Los diques dentro de diques han sido tambi\u00e9n hallados en la estructura de impacto de Vredefort.<\/p>\n<p><img loading=\"lazy\" decoding=\"async\" src=\"http:\/\/www.impact-structures.com\/spain\/brecciadikes\/image010.gif\" alt=\"Image010\" width=\"306\" height=\"204\" \/><\/p>\n<p>Fig. 5. Gran dique de brechas compuesto por material del Mesozoico (\u00bf Keuper?) y \u00bf Terciario inferior? que atraviesa limolitas del Paleozoico. Cerca del Santuario de la Virgen de Herrera.<span style=\"color: #000000;\">\u00a0 En las primeras cartograf\u00edas este dique era interpretado como una estructura tect\u00f3nica de tipo graben de unos 200 m de desplazamiento vertical.<\/span><\/p>\n<p><img loading=\"lazy\" decoding=\"async\" src=\"http:\/\/www.impact-structures.com\/spain\/brecciadikes\/image012.gif\" alt=\"Image012\" width=\"299\" height=\"200\" \/><\/p>\n<p>Fig. 6. Extenso sistema de diques de brechas en calizas del Dogger. El emplazamiento con contactos tan abruptos de los diques excluye cualquier proceso de carstificaci\u00f3n. \u2013 Barranco de Bocaf\u00f3z, cerca de Almonacid de la Cuba.<\/p>\n<p><img loading=\"lazy\" decoding=\"async\" src=\"http:\/\/www.impact-structures.com\/spain\/brecciadikes\/image014.gif\" alt=\"Image014\" width=\"297\" height=\"444\" \/><\/p>\n<p>Fig. 7. Dique de brechas polim\u00edcticas atravesando calizas del Malm. El dique puede seguirse en el campo durante casi 300 m. Tres generaciones de diques pueden ser diferenciadas. Algunos componentes son as\u00ed mismo brechas. Estructura de impacto de Azuara; al norte de Muniesa.<\/p>\n<p><img loading=\"lazy\" decoding=\"async\" src=\"http:\/\/www.impact-structures.com\/spain\/brecciadikes\/image016.gif\" alt=\"Image016\" width=\"293\" height=\"197\" \/><\/p>\n<p>Fig. 8.\u00a0Diques de brechas atravesando calizas brechificadas (con textura \u201emortar\u201c) del Muschelkalk. Estructura de impacto de Azuara; Monforte de Moyuela. Di\u00e1metro de la moneda 23 mm.<\/p>\n<p><img loading=\"lazy\" decoding=\"async\" src=\"http:\/\/www.impact-structures.com\/spain\/brecciadikes\/image018.gif\" alt=\"Image018\" width=\"288\" height=\"195\" \/><\/p>\n<p>Figs. 9, 10. Diques de brechas en una caliza del Malm. Obs\u00e9rvese los fragmentos angulosos dentro del dique (flechas) incompatibles con cualquier fen\u00f3meno c\u00e1rstico. Fuendetodos; estructura de impacto de Azuara. Di\u00e1metro de la tapa fotogr\u00e1fica 50 mm.<\/p>\n<p><img loading=\"lazy\" decoding=\"async\" src=\"http:\/\/www.impact-structures.com\/spain\/brecciadikes\/image020.gif\" alt=\"Image020\" width=\"288\" height=\"195\" \/><\/p>\n<p>Fig. 10.<\/p>\n<p><img loading=\"lazy\" decoding=\"async\" src=\"http:\/\/www.impact-structures.com\/spain\/brecciadikes\/image022.gif\" alt=\"Image022\" width=\"287\" height=\"192\" \/><\/p>\n<p>Fig. 11. Diques de brechas en una caliza del Li\u00e1sico. Longitud de la caja 40 mm. Blesa, estructura de impacto de Azuara.<\/p>\n<p><img loading=\"lazy\" decoding=\"async\" src=\"http:\/\/www.impact-structures.com\/spain\/brecciadikes\/image024.gif\" alt=\"Image024\" width=\"287\" height=\"192\" \/><\/p>\n<p>Fig. 12. Sistema de diques de brechas y bolsas de brechas (color oscuro) en calizas blanquecinas del Malm. El origen de los materiales de tonos oscuros es desconocido. Peque\u00f1a cantera entre Muniesa y Ventas de Muniesa. La longitud del martillo es de 42 cm.<\/p>\n<p><img loading=\"lazy\" decoding=\"async\" src=\"http:\/\/www.impact-structures.com\/spain\/brecciadikes\/image026.gif\" alt=\"Image026\" width=\"293\" height=\"197\" \/><\/p>\n<p>Fig. 13. Diques de brechas que se intersectan (generaciones de diques) en una caliza del Malm. El primer dique emplazado (direcci\u00f3n N-S) es cortado por el m\u00e1s joven que muestra una textura acintada probablemente originada a partir de interacciones qu\u00edmicas entre el material del dique y la roca encajante. Estructura de impacto de Azuara; cerca de Ventas de Muniesa, Corral de Camaras. La longitud de la cajetilla es de 40 mm.<\/p>\n<h2 align=\"LEFT\">T\u00edpicas bolsadas de brechas en rocas de la estructura de impacto de Azuara.<\/h2>\n<p>A menudo, los diques de brechas en la estructura de Azuara se combinan en caracter\u00edsticas bolsadas de brechas.<\/p>\n<p><img loading=\"lazy\" decoding=\"async\" src=\"http:\/\/www.impact-structures.com\/spain\/brecciadikes\/image028.gif\" alt=\"Image028\" width=\"299\" height=\"201\" \/><\/p>\n<p>Fig. 14. Diques de brechas y bolsadas de brechas; caliza del Li\u00e1sico, cerca de Belchite.<\/p>\n<p><img loading=\"lazy\" decoding=\"async\" src=\"http:\/\/www.impact-structures.com\/spain\/brecciadikes\/image030.gif\" alt=\"Image030\" width=\"299\" height=\"201\" \/><\/p>\n<p>Fig. 15. Diques de brechas y bolsadas de brechas; caliza del Li\u00e1sico, cerca de Belchite.<\/p>\n<p><img loading=\"lazy\" decoding=\"async\" src=\"http:\/\/www.impact-structures.com\/spain\/brecciadikes\/image032.gif\" alt=\"Image032\" width=\"299\" height=\"200\" \/><\/p>\n<p>Fig. 16. T\u00edpicas bolsadas de brechas en rocas de la estructura de impacto de Azuara. Caliza del Malm, cerca de Ventas de Muniesa.<\/p>\n<p><img loading=\"lazy\" decoding=\"async\" src=\"http:\/\/www.impact-structures.com\/spain\/brecciadikes\/image034.gif\" alt=\"Image034\" width=\"296\" height=\"198\" \/><\/p>\n<p>Fig. 17. Bolsadas de brechas en rocas de la estructura de impacto de Azuara; caliza del Muschelkalk, cerca de Olalla.<\/p>\n<p><img loading=\"lazy\" decoding=\"async\" src=\"http:\/\/www.impact-structures.com\/spain\/brecciadikes\/image036.gif\" alt=\"Image036\" width=\"293\" height=\"196\" \/><\/p>\n<p>Fig. 18. Conducto (\u201epipe\u201c) de brechas inyectado desde la zona inferior a trav\u00e9s de esquistos del Paleozoico. Obs\u00e9rvese el muro anular de roca encajante levantada. Estructura de impacto de Azuara; cerca de Santa Cruz de Nogueras. Di\u00e1metro de la moneda 23 mm.<\/p>\n<p><img loading=\"lazy\" decoding=\"async\" src=\"http:\/\/www.impact-structures.com\/spain\/brecciadikes\/image038.gif\" alt=\"Image038\" width=\"293\" height=\"214\" \/><\/p>\n<p>Fig. 19.\u00a0Estructura de impacto de Azuara, cerca de Nogueras. Fotomicrografia de un dique de brecha microsc\u00f3pico con bifurcaci\u00f3n; aspecto bajo luz paralela y con nicoles cruzados. Fragmento de arenisca procedente de un dique de brechas polim\u00edcticas afectado por choque. Hay que destacar que el delgado dique atraviesa algunos granos de cuarzo (flechas). \u2013 El di\u00e1metro de campo es de 2.5 mm.<\/p>\n<p><img loading=\"lazy\" decoding=\"async\" src=\"http:\/\/www.impact-structures.com\/spain\/brecciadikes\/image040.gif\" alt=\"Image040\" width=\"287\" height=\"220\" \/><\/p>\n<p>Figs. 20, 21. Diques de brechas de impacto procedentes de las estructuras de impacto de Azuara y Charlevoix. Izquierda: dique de brechas polim\u00edcticas de Azuara; cerca de Santa Cruz de Nogueras. Obs\u00e9rvese la gradaci\u00f3n de los diferentes componentes y la distinta textura fluidal. Derecha: Textura comparable en un dique de brecha procedente de la estructura de impacto de Charlevoix (muestra suministrada por J. Rondot). Brechas similares han sido descritas en la estructura de impacto de Sierra Madera (Wilshire et al. , 1972).<\/p>\n<p><img loading=\"lazy\" decoding=\"async\" src=\"http:\/\/www.impact-structures.com\/spain\/brecciadikes\/image042.gif\" alt=\"Image042\" width=\"287\" height=\"174\" \/><\/p>\n<p>Fig. 21.<\/p>\n","protected":false},"excerpt":{"rendered":"<p>En las estructuras de impacto, los diques de brecha han jugado un papel importante en la comprensi\u00f3n del proceso de craterizaci\u00f3n por impacto [ver, p.e., Lambert, P. (1981): Breccia dikes: geological constraints on the formation of complex craters. &#8211; In: Multi-ring Basins (R. B. Merrill and P. H. Schultz, eds.) Proc. Lunar Planet Sci., 12A, &hellip; <a href=\"http:\/\/estructuras-de-impacto.impact-structures.com\/?page_id=127\" class=\"more-link\">Continuar leyendo<span class=\"screen-reader-text\"> \u00abAzuara: Diques de brechas\u00bb<\/span><\/a><\/p>\n","protected":false},"author":1,"featured_media":0,"parent":119,"menu_order":0,"comment_status":"closed","ping_status":"closed","template":"sidebar-page.php","meta":{"footnotes":""},"class_list":["post-127","page","type-page","status-publish","hentry"],"yoast_head":"<!-- This site is optimized with the Yoast SEO plugin v27.3 - https:\/\/yoast.com\/product\/yoast-seo-wordpress\/ -->\n<title>Azuara: Diques de brechas - ERNSTSON CLAUDIN ESTRUCTURAS DE IMPACTO - CR\u00c1TERES METEOR\u00cdTICOS<\/title>\n<meta name=\"robots\" content=\"index, follow, max-snippet:-1, max-image-preview:large, max-video-preview:-1\" \/>\n<link rel=\"canonical\" href=\"https:\/\/estructuras-de-impacto.impact-structures.com\/?page_id=127\" \/>\n<meta property=\"og:locale\" content=\"es_ES\" \/>\n<meta property=\"og:type\" content=\"article\" \/>\n<meta property=\"og:title\" content=\"Azuara: Diques de brechas - ERNSTSON CLAUDIN ESTRUCTURAS DE IMPACTO - CR\u00c1TERES METEOR\u00cdTICOS\" \/>\n<meta property=\"og:description\" content=\"En las estructuras de impacto, los diques de brecha han jugado un papel importante en la comprensi\u00f3n del proceso de craterizaci\u00f3n por impacto [ver, p.e., Lambert, P. (1981): Breccia dikes: geological constraints on the formation of complex craters. &#8211; In: Multi-ring Basins (R. B. Merrill and P. H. Schultz, eds.) Proc. Lunar Planet Sci., 12A, &hellip; Continuar leyendo &quot;Azuara: Diques de brechas&quot;\" \/>\n<meta property=\"og:url\" content=\"https:\/\/estructuras-de-impacto.impact-structures.com\/?page_id=127\" \/>\n<meta property=\"og:site_name\" content=\"ERNSTSON CLAUDIN ESTRUCTURAS DE IMPACTO - CR\u00c1TERES METEOR\u00cdTICOS\" \/>\n<meta property=\"article:modified_time\" content=\"2012-05-04T09:55:04+00:00\" \/>\n<meta property=\"og:image\" content=\"http:\/\/www.impact-structures.com\/spain\/brecciadikes\/image002.gif\" \/>\n<meta name=\"twitter:card\" content=\"summary_large_image\" \/>\n<meta name=\"twitter:label1\" content=\"Tiempo de lectura\" \/>\n\t<meta name=\"twitter:data1\" content=\"5 minutos\" \/>\n<script type=\"application\/ld+json\" class=\"yoast-schema-graph\">{\"@context\":\"https:\\\/\\\/schema.org\",\"@graph\":[{\"@type\":\"WebPage\",\"@id\":\"https:\\\/\\\/estructuras-de-impacto.impact-structures.com\\\/?page_id=127\",\"url\":\"https:\\\/\\\/estructuras-de-impacto.impact-structures.com\\\/?page_id=127\",\"name\":\"Azuara: Diques de brechas - ERNSTSON CLAUDIN ESTRUCTURAS DE IMPACTO - CR\u00c1TERES METEOR\u00cdTICOS\",\"isPartOf\":{\"@id\":\"http:\\\/\\\/estructuras-de-impacto.impact-structures.com\\\/#website\"},\"primaryImageOfPage\":{\"@id\":\"https:\\\/\\\/estructuras-de-impacto.impact-structures.com\\\/?page_id=127#primaryimage\"},\"image\":{\"@id\":\"https:\\\/\\\/estructuras-de-impacto.impact-structures.com\\\/?page_id=127#primaryimage\"},\"thumbnailUrl\":\"http:\\\/\\\/www.impact-structures.com\\\/spain\\\/brecciadikes\\\/image002.gif\",\"datePublished\":\"2011-12-02T15:58:07+00:00\",\"dateModified\":\"2012-05-04T09:55:04+00:00\",\"breadcrumb\":{\"@id\":\"https:\\\/\\\/estructuras-de-impacto.impact-structures.com\\\/?page_id=127#breadcrumb\"},\"inLanguage\":\"es\",\"potentialAction\":[{\"@type\":\"ReadAction\",\"target\":[\"https:\\\/\\\/estructuras-de-impacto.impact-structures.com\\\/?page_id=127\"]}]},{\"@type\":\"ImageObject\",\"inLanguage\":\"es\",\"@id\":\"https:\\\/\\\/estructuras-de-impacto.impact-structures.com\\\/?page_id=127#primaryimage\",\"url\":\"http:\\\/\\\/www.impact-structures.com\\\/spain\\\/brecciadikes\\\/image002.gif\",\"contentUrl\":\"http:\\\/\\\/www.impact-structures.com\\\/spain\\\/brecciadikes\\\/image002.gif\"},{\"@type\":\"BreadcrumbList\",\"@id\":\"https:\\\/\\\/estructuras-de-impacto.impact-structures.com\\\/?page_id=127#breadcrumb\",\"itemListElement\":[{\"@type\":\"ListItem\",\"position\":1,\"name\":\"Portada\",\"item\":\"http:\\\/\\\/estructuras-de-impacto.impact-structures.com\\\/\"},{\"@type\":\"ListItem\",\"position\":2,\"name\":\"Las estructuras de impacto en Espa\u00f1a\",\"item\":\"http:\\\/\\\/estructuras-de-impacto.impact-structures.com\\\/?page_id=1404\"},{\"@type\":\"ListItem\",\"position\":3,\"name\":\"La estructura de impacto de Azuara\",\"item\":\"https:\\\/\\\/estructuras-de-impacto.impact-structures.com\\\/?page_id=119\"},{\"@type\":\"ListItem\",\"position\":4,\"name\":\"Azuara: Diques de brechas\"}]},{\"@type\":\"WebSite\",\"@id\":\"http:\\\/\\\/estructuras-de-impacto.impact-structures.com\\\/#website\",\"url\":\"http:\\\/\\\/estructuras-de-impacto.impact-structures.com\\\/\",\"name\":\"ERNSTSON CLAUDIN ESTRUCTURAS DE IMPACTO - CR\u00c1TERES METEOR\u00cdTICOS\",\"description\":\"Investigaci\u00f3n sobre la geolog\u00eda, geof\u00edsica, y petrolog\u00eda\",\"potentialAction\":[{\"@type\":\"SearchAction\",\"target\":{\"@type\":\"EntryPoint\",\"urlTemplate\":\"http:\\\/\\\/estructuras-de-impacto.impact-structures.com\\\/?s={search_term_string}\"},\"query-input\":{\"@type\":\"PropertyValueSpecification\",\"valueRequired\":true,\"valueName\":\"search_term_string\"}}],\"inLanguage\":\"es\"}]}<\/script>\n<!-- \/ Yoast SEO plugin. -->","yoast_head_json":{"title":"Azuara: Diques de brechas - ERNSTSON CLAUDIN ESTRUCTURAS DE IMPACTO - CR\u00c1TERES METEOR\u00cdTICOS","robots":{"index":"index","follow":"follow","max-snippet":"max-snippet:-1","max-image-preview":"max-image-preview:large","max-video-preview":"max-video-preview:-1"},"canonical":"https:\/\/estructuras-de-impacto.impact-structures.com\/?page_id=127","og_locale":"es_ES","og_type":"article","og_title":"Azuara: Diques de brechas - ERNSTSON CLAUDIN ESTRUCTURAS DE IMPACTO - CR\u00c1TERES METEOR\u00cdTICOS","og_description":"En las estructuras de impacto, los diques de brecha han jugado un papel importante en la comprensi\u00f3n del proceso de craterizaci\u00f3n por impacto [ver, p.e., Lambert, P. (1981): Breccia dikes: geological constraints on the formation of complex craters. &#8211; In: Multi-ring Basins (R. B. Merrill and P. H. Schultz, eds.) Proc. Lunar Planet Sci., 12A, &hellip; Continuar leyendo \"Azuara: Diques de brechas\"","og_url":"https:\/\/estructuras-de-impacto.impact-structures.com\/?page_id=127","og_site_name":"ERNSTSON CLAUDIN ESTRUCTURAS DE IMPACTO - CR\u00c1TERES METEOR\u00cdTICOS","article_modified_time":"2012-05-04T09:55:04+00:00","og_image":[{"url":"http:\/\/www.impact-structures.com\/spain\/brecciadikes\/image002.gif","type":"","width":"","height":""}],"twitter_card":"summary_large_image","twitter_misc":{"Tiempo de lectura":"5 minutos"},"schema":{"@context":"https:\/\/schema.org","@graph":[{"@type":"WebPage","@id":"https:\/\/estructuras-de-impacto.impact-structures.com\/?page_id=127","url":"https:\/\/estructuras-de-impacto.impact-structures.com\/?page_id=127","name":"Azuara: Diques de brechas - ERNSTSON CLAUDIN ESTRUCTURAS DE IMPACTO - CR\u00c1TERES METEOR\u00cdTICOS","isPartOf":{"@id":"http:\/\/estructuras-de-impacto.impact-structures.com\/#website"},"primaryImageOfPage":{"@id":"https:\/\/estructuras-de-impacto.impact-structures.com\/?page_id=127#primaryimage"},"image":{"@id":"https:\/\/estructuras-de-impacto.impact-structures.com\/?page_id=127#primaryimage"},"thumbnailUrl":"http:\/\/www.impact-structures.com\/spain\/brecciadikes\/image002.gif","datePublished":"2011-12-02T15:58:07+00:00","dateModified":"2012-05-04T09:55:04+00:00","breadcrumb":{"@id":"https:\/\/estructuras-de-impacto.impact-structures.com\/?page_id=127#breadcrumb"},"inLanguage":"es","potentialAction":[{"@type":"ReadAction","target":["https:\/\/estructuras-de-impacto.impact-structures.com\/?page_id=127"]}]},{"@type":"ImageObject","inLanguage":"es","@id":"https:\/\/estructuras-de-impacto.impact-structures.com\/?page_id=127#primaryimage","url":"http:\/\/www.impact-structures.com\/spain\/brecciadikes\/image002.gif","contentUrl":"http:\/\/www.impact-structures.com\/spain\/brecciadikes\/image002.gif"},{"@type":"BreadcrumbList","@id":"https:\/\/estructuras-de-impacto.impact-structures.com\/?page_id=127#breadcrumb","itemListElement":[{"@type":"ListItem","position":1,"name":"Portada","item":"http:\/\/estructuras-de-impacto.impact-structures.com\/"},{"@type":"ListItem","position":2,"name":"Las estructuras de impacto en Espa\u00f1a","item":"http:\/\/estructuras-de-impacto.impact-structures.com\/?page_id=1404"},{"@type":"ListItem","position":3,"name":"La estructura de impacto de Azuara","item":"https:\/\/estructuras-de-impacto.impact-structures.com\/?page_id=119"},{"@type":"ListItem","position":4,"name":"Azuara: Diques de brechas"}]},{"@type":"WebSite","@id":"http:\/\/estructuras-de-impacto.impact-structures.com\/#website","url":"http:\/\/estructuras-de-impacto.impact-structures.com\/","name":"ERNSTSON CLAUDIN ESTRUCTURAS DE IMPACTO - CR\u00c1TERES METEOR\u00cdTICOS","description":"Investigaci\u00f3n sobre la geolog\u00eda, geof\u00edsica, y petrolog\u00eda","potentialAction":[{"@type":"SearchAction","target":{"@type":"EntryPoint","urlTemplate":"http:\/\/estructuras-de-impacto.impact-structures.com\/?s={search_term_string}"},"query-input":{"@type":"PropertyValueSpecification","valueRequired":true,"valueName":"search_term_string"}}],"inLanguage":"es"}]}},"_links":{"self":[{"href":"http:\/\/estructuras-de-impacto.impact-structures.com\/index.php?rest_route=\/wp\/v2\/pages\/127","targetHints":{"allow":["GET"]}}],"collection":[{"href":"http:\/\/estructuras-de-impacto.impact-structures.com\/index.php?rest_route=\/wp\/v2\/pages"}],"about":[{"href":"http:\/\/estructuras-de-impacto.impact-structures.com\/index.php?rest_route=\/wp\/v2\/types\/page"}],"author":[{"embeddable":true,"href":"http:\/\/estructuras-de-impacto.impact-structures.com\/index.php?rest_route=\/wp\/v2\/users\/1"}],"replies":[{"embeddable":true,"href":"http:\/\/estructuras-de-impacto.impact-structures.com\/index.php?rest_route=%2Fwp%2Fv2%2Fcomments&post=127"}],"version-history":[{"count":0,"href":"http:\/\/estructuras-de-impacto.impact-structures.com\/index.php?rest_route=\/wp\/v2\/pages\/127\/revisions"}],"up":[{"embeddable":true,"href":"http:\/\/estructuras-de-impacto.impact-structures.com\/index.php?rest_route=\/wp\/v2\/pages\/119"}],"wp:attachment":[{"href":"http:\/\/estructuras-de-impacto.impact-structures.com\/index.php?rest_route=%2Fwp%2Fv2%2Fmedia&parent=127"}],"curies":[{"name":"wp","href":"https:\/\/api.w.org\/{rel}","templated":true}]}}