{"id":125,"date":"2011-12-02T15:57:21","date_gmt":"2011-12-02T15:57:21","guid":{"rendered":"http:\/\/cms.impact-structures.com\/?page_id=125"},"modified":"2012-05-02T10:06:44","modified_gmt":"2012-05-02T10:06:44","slug":"impact-breccias-in-the-azuara-structure","status":"publish","type":"page","link":"http:\/\/estructuras-de-impacto.impact-structures.com\/?page_id=125","title":{"rendered":"Azuara: Brechas de impacto"},"content":{"rendered":"<p>Las brechas juegan un papel muy importante dentro de la se\u00f1al de impacto de la estructura de Azuara. A causa de que los sedimentos m\u00e1s j\u00f3venes post-impacto cubren completamente la parte central del cr\u00e1ter, la investigaci\u00f3n y muestreo de las brechas de impacto queda limitada a las zonas del borde de la estructura. A pesar de ello, en una gran mayor\u00eda de casos las condiciones de afloramiento son excelentes. Diversos tipos de brechas monom\u00edcticas y polim\u00edcticas pueden ser observadas, sin olvidar tambi\u00e9n una extensa megabrecha. La litolog\u00eda carbonatada dominante en la srocas del objetivo contribuye a algunas propiedades peculiares de las brechas tales como los rasgos de decarbonataci\u00f3n y la presencia de fundido carbonatado. Un tipo especial de brechas polim\u00edcticas presentes en la estructura de Azuara esta representado por la denominada brecha basal, una brecha suev\u00edtica que exhibe transiciones al las rocas de fundido de impacto (ver la p\u00e1gina sobre Suevitas)<\/p>\n<p><img loading=\"lazy\" decoding=\"async\" src=\"http:\/\/www.impact-structures.com\/spain\/breccias\/image002.gif\" alt=\"Image002\" width=\"293\" height=\"199\" \/><\/p>\n<p>Fig. 1.\u00a0Brecha basal polim\u00edctica (superficie cortada y pulida) procedente de la estructura de impacto de Azuara (al sur de Fuendetodos).\u00a0Pueden observarse fragmentos calizos parcialmente fundidos y\/o decarbonatados en el seno de una matriz densa y extremadamente dura que muestra una textura fluidal. A destacar el componente \u201efantasma\u201c (relicto) presente donde tan solo han quedado unas pocas part\u00edculas internas bien redondeadas. La brecha basal se considera un equivalente a la suevita presente en otras estructuras de impacto (ver tambi\u00e9n Ernstson &amp; Fiebag, 1992 y la\u00a0<a href=\"http:\/\/estructuras-de-impacto.impact-structures.com\/?page_id=1406\" target=\"_blank\">P\u00e1gina sobre suevitas<\/a>)<\/p>\n<p><img loading=\"lazy\" decoding=\"async\" src=\"http:\/\/www.impact-structures.com\/spain\/breccias\/image004.gif\" alt=\"Image004\" width=\"287\" height=\"187\" \/><\/p>\n<p>Fig. 2. Un aspecto diferente de la brecha basal (muestra hallada cerca de Cucal\u00f3n). Superficie cortada y pulida; escala de la barra = 1 cm.<\/p>\n<p><img loading=\"lazy\" decoding=\"async\" src=\"http:\/\/www.impact-structures.com\/spain\/breccias\/image006.gif\" alt=\"Image006\" width=\"287\" height=\"206\" \/><\/p>\n<p>Fig. 3. Estructura de impacto de Azuara: Brecha polim\u00edctica basal formada por componentes del Paleozoico y del Mesozoico (expuesta cerca de Herrera de los Navarros). Las zonas blanquecinas de la matriz pueden estar compuestas por caliza decarbonatada y\/o relictos de fundido carbonatado.<\/p>\n<p><img loading=\"lazy\" decoding=\"async\" src=\"http:\/\/www.impact-structures.com\/spain\/breccias\/image008.gif\" alt=\"Image008\" width=\"293\" height=\"101\" \/><\/p>\n<p>Fig. 4. Estructura de impacto de Azuara: Brecha polim\u00edctica basal. Obs\u00e9rvese la textura fluidal y la gradaci\u00f3n de los componentes que se disponen alineados preferencialmente a la direcci\u00f3n de flujo. El color rojizo de algunos clastos presentes en las brechas carbonatadas puede explicarse por las temperaturas elevadas que soportaron.\u00a0\u00a0 \u00a0Expuesta cerca de Monforte de Moyuela.<\/p>\n<p><img loading=\"lazy\" decoding=\"async\" src=\"http:\/\/www.impact-structures.com\/spain\/breccias\/image010.gif\" alt=\"Image010\" width=\"293\" height=\"196\" \/><\/p>\n<p>Fig. 5. Estructura de impacto de Azuara: Brecha polim\u00edctica (afectada por los efectos de choque) con textura fluidal y componentes deformados pl\u00e1sticamente. Cerca de Santa cruz de Nogueras. Escala milim\u00e9trica.<\/p>\n<p><img loading=\"lazy\" decoding=\"async\" src=\"http:\/\/www.impact-structures.com\/spain\/breccias\/image012.gif\" alt=\"Image012\" width=\"294\" height=\"196\" \/><\/p>\n<p>Fig. 6. Brecha monom\u00edctica mostrando una intensa textura \u201emortar\u201c. Obs\u00e9rvese el distinto tama\u00f1o de la mayor\u00eda de componentes. Caliza del Muschelkalk, Monforte de Moyuela. El di\u00e1metro de la moneda es de 23 mm.<\/p>\n<p><img loading=\"lazy\" decoding=\"async\" src=\"http:\/\/www.impact-structures.com\/spain\/breccias\/image014.gif\" alt=\"Image014\" width=\"294\" height=\"221\" \/><\/p>\n<p>Fig. 7. Estructura de impacto de Azuara: Brecha polim\u00edctica que muestra un componente roto de un modo intenso en fragmentos. Obs\u00e9rvense la textura fluidal, el tama\u00f1o preservado, y el bandeado de fragmentos de continuo tama\u00f1o decreciente (flecha). Cerca de Santa Cruz de Nogueras.<\/p>\n<p><img loading=\"lazy\" decoding=\"async\" src=\"http:\/\/www.impact-structures.com\/spain\/breccias\/image016.gif\" alt=\"Image016\" width=\"293\" height=\"191\" \/><\/p>\n<p>Fig. 8. Estructura de impacto de Azuara: Brecha polim\u00edctica afectada por choque en la que dominan los componentes de arenisca del Paleozoico (cerca de Santa Cruz de Nogueras). Obs\u00e9rvese las fracturas de bordes abruptos y el tama\u00f1o preservado de los componentes. Estas observaciones sugieren una inclusi\u00f3n y la \u201econgelaci\u00f3n\u201c inmediatos dentro de la matriz despu\u00e9s de la brechificaci\u00f3n.<\/p>\n<p><img loading=\"lazy\" decoding=\"async\" src=\"http:\/\/www.impact-structures.com\/spain\/breccias\/image018.gif\" alt=\"Image018\" width=\"287\" height=\"226\" \/><\/p>\n<p>Fig. 9.\u00a0Estructura de impacto de Azuara: Brecha polim\u00edctica afectada por choque (cerca de Santa Cruz de Nogueras). Obs\u00e9rvese la costra blanquecina de componentes calizos (flechas), que probablemente se origin\u00f3 a partir de decarbonataci\u00f3n a altas temperaturas. Costras de decarbonataci\u00f3n comparables han sido observadas en las brechas de impacto del cr\u00e1ter de Ries.<\/p>\n<p><img loading=\"lazy\" decoding=\"async\" src=\"http:\/\/www.impact-structures.com\/spain\/breccias\/image020.gif\" alt=\"Image020\" width=\"293\" height=\"136\" \/><\/p>\n<p>Fig. 10.\u00a0Estructura de impacto de Azuara: Brecha carbonatada polim\u00edctica de impacto que muestra al menos tres generaciones de brechas (brecha dentro de brecha dentro de brecha). Superficie cortada y pulida; muestra procedente de un \u00fanico gran bloque sito cerca de Monforte de Moyuela.<\/p>\n<p><img loading=\"lazy\" decoding=\"async\" src=\"http:\/\/www.impact-structures.com\/spain\/breccias\/image022.gif\" alt=\"Image022\" width=\"294\" height=\"221\" \/><\/p>\n<p>Fig. 11. Estructura de impacto de Azuara: Brecha polim\u00edctica afectada por choque (cerca de Santa Cruz de Nogueras). Los componentes est\u00e1n completamente descompuestos y emparedados en la matriz mostrando diferentes tipos de textura fluidal.<\/p>\n<p><img loading=\"lazy\" decoding=\"async\" src=\"http:\/\/www.impact-structures.com\/spain\/breccias\/image024.gif\" alt=\"Image024\" width=\"294\" height=\"205\" \/><\/p>\n<p>Fig. 12. Estructura de impacto de Azuara: Brecha polim\u00edctica de choque mostrando una textura fluidal y un peculiar componente descompuesto. Muestra obtenida cerca de Santa Cruz de Nogueras.<\/p>\n<p><img loading=\"lazy\" decoding=\"async\" src=\"http:\/\/www.impact-structures.com\/spain\/breccias\/image026.gif\" alt=\"Image026\" width=\"299\" height=\"323\" \/><\/p>\n<p>Fig. 13. Estructura de Azuara: Brechas de impacto polim\u00edcticas mostrando diferentes matrices en contacto brusco. Arriba: muestra procedente de Santa Cruz de Nogueras; Debajo: muestra procedente de Herrera de los Navarros. \u2013 A primera vista, las brechas pueden ser confundidas con calcreta. No obstante, los componentes de bordes angulosos y los efectos de metamorfismo de choque confirman su origen por impacto.<\/p>\n<p><img loading=\"lazy\" decoding=\"async\" src=\"http:\/\/www.impact-structures.com\/spain\/breccias\/image030.gif\" alt=\"Image030\" width=\"431\" height=\"222\" \/><\/p>\n<p>Fig. 14. Estructura de Azuara cerca de Muniesa: brecha peculiar con textura fluidal y clastos de caliza deformados que se ajustan al flujo de la matriz. Muestra cortes\u00eda de P.\u00a0Bockstaller.<\/p>\n<p><img loading=\"lazy\" decoding=\"async\" src=\"http:\/\/www.impact-structures.com\/spain\/breccias\/image032.gif\" alt=\"Image032\" width=\"299\" height=\"252\" \/><\/p>\n<p>Fig. 15. Estructura de impacto de Azuara: muetsra procedente del dep\u00f3sito de brecha suev\u00edtica basal cercano a Cucal\u00f3n.<\/p>\n<p><img loading=\"lazy\" decoding=\"async\" src=\"http:\/\/www.impact-structures.com\/spain\/breccias\/image034.gif\" alt=\"Image034\" width=\"299\" height=\"182\" \/><\/p>\n<p>Fig. 16. Estructura de Azuara cerca de Herrera de los Navarros: brecha monom\u00edctica; clastos de caliza que exhiben rasgos de decarbonataci\u00f3n <img loading=\"lazy\" decoding=\"async\" src=\"http:\/\/www.impact-structures.com\/spain\/breccias\/image036.gif\" alt=\"Image036\" width=\"299\" height=\"196\" \/><\/p>\n<p>Fig. 17. Estructura de Azuara cerca de Herrera de los Navarros: brecha monom\u00edctica &#8211; formada por clastos de dolom\u00eda \u2013 en la que puede apreciarse una matriz intrusiva rojiza de carbonato. La caracter\u00edstica cohesi\u00f3n de algunos clastos intensamente fracturados apunta a un proceso de alta presi\u00f3n operando durante la formaci\u00f3n y consolidaci\u00f3n de la brecha.<\/p>\n<p><img loading=\"lazy\" decoding=\"async\" src=\"http:\/\/www.impact-structures.com\/spain\/breccias\/image038.gif\" alt=\"Image038\" width=\"296\" height=\"299\" \/><\/p>\n<p>&nbsp;<\/p>\n<p>Fig. 18. Estructura de impacto de Azuara cerca de Herrera de los Navarros: Brecha monom\u00edctica del Muschelkalk que exhibe una intensa brechificaci\u00f3n arenosa y una textura parcialmente en mortero.<\/p>\n","protected":false},"excerpt":{"rendered":"<p>Las brechas juegan un papel muy importante dentro de la se\u00f1al de impacto de la estructura de Azuara. A causa de que los sedimentos m\u00e1s j\u00f3venes post-impacto cubren completamente la parte central del cr\u00e1ter, la investigaci\u00f3n y muestreo de las brechas de impacto queda limitada a las zonas del borde de la estructura. A pesar &hellip; <a href=\"http:\/\/estructuras-de-impacto.impact-structures.com\/?page_id=125\" class=\"more-link\">Continuar leyendo<span class=\"screen-reader-text\"> \u00abAzuara: Brechas de impacto\u00bb<\/span><\/a><\/p>\n","protected":false},"author":1,"featured_media":0,"parent":119,"menu_order":0,"comment_status":"closed","ping_status":"closed","template":"sidebar-page.php","meta":{"footnotes":""},"class_list":["post-125","page","type-page","status-publish","hentry"],"yoast_head":"<!-- This site is optimized with the Yoast SEO plugin v27.3 - https:\/\/yoast.com\/product\/yoast-seo-wordpress\/ -->\n<title>Azuara: Brechas de impacto  - ERNSTSON CLAUDIN ESTRUCTURAS DE IMPACTO - CR\u00c1TERES METEOR\u00cdTICOS<\/title>\n<meta name=\"robots\" content=\"index, follow, max-snippet:-1, max-image-preview:large, max-video-preview:-1\" \/>\n<link rel=\"canonical\" href=\"https:\/\/estructuras-de-impacto.impact-structures.com\/?page_id=125\" \/>\n<meta property=\"og:locale\" content=\"es_ES\" \/>\n<meta property=\"og:type\" content=\"article\" \/>\n<meta property=\"og:title\" content=\"Azuara: Brechas de impacto  - ERNSTSON CLAUDIN ESTRUCTURAS DE IMPACTO - CR\u00c1TERES METEOR\u00cdTICOS\" \/>\n<meta property=\"og:description\" content=\"Las brechas juegan un papel muy importante dentro de la se\u00f1al de impacto de la estructura de Azuara. A causa de que los sedimentos m\u00e1s j\u00f3venes post-impacto cubren completamente la parte central del cr\u00e1ter, la investigaci\u00f3n y muestreo de las brechas de impacto queda limitada a las zonas del borde de la estructura. A pesar &hellip; Continuar leyendo &quot;Azuara: Brechas de impacto&quot;\" \/>\n<meta property=\"og:url\" content=\"https:\/\/estructuras-de-impacto.impact-structures.com\/?page_id=125\" \/>\n<meta property=\"og:site_name\" content=\"ERNSTSON CLAUDIN ESTRUCTURAS DE IMPACTO - CR\u00c1TERES METEOR\u00cdTICOS\" \/>\n<meta property=\"article:modified_time\" content=\"2012-05-02T10:06:44+00:00\" \/>\n<meta property=\"og:image\" content=\"http:\/\/www.impact-structures.com\/spain\/breccias\/image002.gif\" \/>\n<meta name=\"twitter:card\" content=\"summary_large_image\" \/>\n<meta name=\"twitter:label1\" content=\"Tiempo de lectura\" \/>\n\t<meta name=\"twitter:data1\" content=\"5 minutos\" \/>\n<script type=\"application\/ld+json\" class=\"yoast-schema-graph\">{\"@context\":\"https:\\\/\\\/schema.org\",\"@graph\":[{\"@type\":\"WebPage\",\"@id\":\"https:\\\/\\\/estructuras-de-impacto.impact-structures.com\\\/?page_id=125\",\"url\":\"https:\\\/\\\/estructuras-de-impacto.impact-structures.com\\\/?page_id=125\",\"name\":\"Azuara: Brechas de impacto - ERNSTSON CLAUDIN ESTRUCTURAS DE IMPACTO - CR\u00c1TERES METEOR\u00cdTICOS\",\"isPartOf\":{\"@id\":\"http:\\\/\\\/estructuras-de-impacto.impact-structures.com\\\/#website\"},\"primaryImageOfPage\":{\"@id\":\"https:\\\/\\\/estructuras-de-impacto.impact-structures.com\\\/?page_id=125#primaryimage\"},\"image\":{\"@id\":\"https:\\\/\\\/estructuras-de-impacto.impact-structures.com\\\/?page_id=125#primaryimage\"},\"thumbnailUrl\":\"http:\\\/\\\/www.impact-structures.com\\\/spain\\\/breccias\\\/image002.gif\",\"datePublished\":\"2011-12-02T15:57:21+00:00\",\"dateModified\":\"2012-05-02T10:06:44+00:00\",\"breadcrumb\":{\"@id\":\"https:\\\/\\\/estructuras-de-impacto.impact-structures.com\\\/?page_id=125#breadcrumb\"},\"inLanguage\":\"es\",\"potentialAction\":[{\"@type\":\"ReadAction\",\"target\":[\"https:\\\/\\\/estructuras-de-impacto.impact-structures.com\\\/?page_id=125\"]}]},{\"@type\":\"ImageObject\",\"inLanguage\":\"es\",\"@id\":\"https:\\\/\\\/estructuras-de-impacto.impact-structures.com\\\/?page_id=125#primaryimage\",\"url\":\"http:\\\/\\\/www.impact-structures.com\\\/spain\\\/breccias\\\/image002.gif\",\"contentUrl\":\"http:\\\/\\\/www.impact-structures.com\\\/spain\\\/breccias\\\/image002.gif\"},{\"@type\":\"BreadcrumbList\",\"@id\":\"https:\\\/\\\/estructuras-de-impacto.impact-structures.com\\\/?page_id=125#breadcrumb\",\"itemListElement\":[{\"@type\":\"ListItem\",\"position\":1,\"name\":\"Portada\",\"item\":\"http:\\\/\\\/estructuras-de-impacto.impact-structures.com\\\/\"},{\"@type\":\"ListItem\",\"position\":2,\"name\":\"Las estructuras de impacto en Espa\u00f1a\",\"item\":\"http:\\\/\\\/estructuras-de-impacto.impact-structures.com\\\/?page_id=1404\"},{\"@type\":\"ListItem\",\"position\":3,\"name\":\"La estructura de impacto de Azuara\",\"item\":\"http:\\\/\\\/estructuras-de-impacto.impact-structures.com\\\/?page_id=119\"},{\"@type\":\"ListItem\",\"position\":4,\"name\":\"Azuara: Brechas de impacto\"}]},{\"@type\":\"WebSite\",\"@id\":\"http:\\\/\\\/estructuras-de-impacto.impact-structures.com\\\/#website\",\"url\":\"http:\\\/\\\/estructuras-de-impacto.impact-structures.com\\\/\",\"name\":\"ERNSTSON CLAUDIN ESTRUCTURAS DE IMPACTO - CR\u00c1TERES METEOR\u00cdTICOS\",\"description\":\"Investigaci\u00f3n sobre la geolog\u00eda, geof\u00edsica, y petrolog\u00eda\",\"potentialAction\":[{\"@type\":\"SearchAction\",\"target\":{\"@type\":\"EntryPoint\",\"urlTemplate\":\"http:\\\/\\\/estructuras-de-impacto.impact-structures.com\\\/?s={search_term_string}\"},\"query-input\":{\"@type\":\"PropertyValueSpecification\",\"valueRequired\":true,\"valueName\":\"search_term_string\"}}],\"inLanguage\":\"es\"}]}<\/script>\n<!-- \/ Yoast SEO plugin. -->","yoast_head_json":{"title":"Azuara: Brechas de impacto  - ERNSTSON CLAUDIN ESTRUCTURAS DE IMPACTO - CR\u00c1TERES METEOR\u00cdTICOS","robots":{"index":"index","follow":"follow","max-snippet":"max-snippet:-1","max-image-preview":"max-image-preview:large","max-video-preview":"max-video-preview:-1"},"canonical":"https:\/\/estructuras-de-impacto.impact-structures.com\/?page_id=125","og_locale":"es_ES","og_type":"article","og_title":"Azuara: Brechas de impacto  - ERNSTSON CLAUDIN ESTRUCTURAS DE IMPACTO - CR\u00c1TERES METEOR\u00cdTICOS","og_description":"Las brechas juegan un papel muy importante dentro de la se\u00f1al de impacto de la estructura de Azuara. A causa de que los sedimentos m\u00e1s j\u00f3venes post-impacto cubren completamente la parte central del cr\u00e1ter, la investigaci\u00f3n y muestreo de las brechas de impacto queda limitada a las zonas del borde de la estructura. A pesar &hellip; Continuar leyendo \"Azuara: Brechas de impacto\"","og_url":"https:\/\/estructuras-de-impacto.impact-structures.com\/?page_id=125","og_site_name":"ERNSTSON CLAUDIN ESTRUCTURAS DE IMPACTO - CR\u00c1TERES METEOR\u00cdTICOS","article_modified_time":"2012-05-02T10:06:44+00:00","og_image":[{"url":"http:\/\/www.impact-structures.com\/spain\/breccias\/image002.gif","type":"","width":"","height":""}],"twitter_card":"summary_large_image","twitter_misc":{"Tiempo de lectura":"5 minutos"},"schema":{"@context":"https:\/\/schema.org","@graph":[{"@type":"WebPage","@id":"https:\/\/estructuras-de-impacto.impact-structures.com\/?page_id=125","url":"https:\/\/estructuras-de-impacto.impact-structures.com\/?page_id=125","name":"Azuara: Brechas de impacto - ERNSTSON CLAUDIN ESTRUCTURAS DE IMPACTO - CR\u00c1TERES METEOR\u00cdTICOS","isPartOf":{"@id":"http:\/\/estructuras-de-impacto.impact-structures.com\/#website"},"primaryImageOfPage":{"@id":"https:\/\/estructuras-de-impacto.impact-structures.com\/?page_id=125#primaryimage"},"image":{"@id":"https:\/\/estructuras-de-impacto.impact-structures.com\/?page_id=125#primaryimage"},"thumbnailUrl":"http:\/\/www.impact-structures.com\/spain\/breccias\/image002.gif","datePublished":"2011-12-02T15:57:21+00:00","dateModified":"2012-05-02T10:06:44+00:00","breadcrumb":{"@id":"https:\/\/estructuras-de-impacto.impact-structures.com\/?page_id=125#breadcrumb"},"inLanguage":"es","potentialAction":[{"@type":"ReadAction","target":["https:\/\/estructuras-de-impacto.impact-structures.com\/?page_id=125"]}]},{"@type":"ImageObject","inLanguage":"es","@id":"https:\/\/estructuras-de-impacto.impact-structures.com\/?page_id=125#primaryimage","url":"http:\/\/www.impact-structures.com\/spain\/breccias\/image002.gif","contentUrl":"http:\/\/www.impact-structures.com\/spain\/breccias\/image002.gif"},{"@type":"BreadcrumbList","@id":"https:\/\/estructuras-de-impacto.impact-structures.com\/?page_id=125#breadcrumb","itemListElement":[{"@type":"ListItem","position":1,"name":"Portada","item":"http:\/\/estructuras-de-impacto.impact-structures.com\/"},{"@type":"ListItem","position":2,"name":"Las estructuras de impacto en Espa\u00f1a","item":"http:\/\/estructuras-de-impacto.impact-structures.com\/?page_id=1404"},{"@type":"ListItem","position":3,"name":"La estructura de impacto de Azuara","item":"http:\/\/estructuras-de-impacto.impact-structures.com\/?page_id=119"},{"@type":"ListItem","position":4,"name":"Azuara: Brechas de impacto"}]},{"@type":"WebSite","@id":"http:\/\/estructuras-de-impacto.impact-structures.com\/#website","url":"http:\/\/estructuras-de-impacto.impact-structures.com\/","name":"ERNSTSON CLAUDIN ESTRUCTURAS DE IMPACTO - CR\u00c1TERES METEOR\u00cdTICOS","description":"Investigaci\u00f3n sobre la geolog\u00eda, geof\u00edsica, y petrolog\u00eda","potentialAction":[{"@type":"SearchAction","target":{"@type":"EntryPoint","urlTemplate":"http:\/\/estructuras-de-impacto.impact-structures.com\/?s={search_term_string}"},"query-input":{"@type":"PropertyValueSpecification","valueRequired":true,"valueName":"search_term_string"}}],"inLanguage":"es"}]}},"_links":{"self":[{"href":"http:\/\/estructuras-de-impacto.impact-structures.com\/index.php?rest_route=\/wp\/v2\/pages\/125","targetHints":{"allow":["GET"]}}],"collection":[{"href":"http:\/\/estructuras-de-impacto.impact-structures.com\/index.php?rest_route=\/wp\/v2\/pages"}],"about":[{"href":"http:\/\/estructuras-de-impacto.impact-structures.com\/index.php?rest_route=\/wp\/v2\/types\/page"}],"author":[{"embeddable":true,"href":"http:\/\/estructuras-de-impacto.impact-structures.com\/index.php?rest_route=\/wp\/v2\/users\/1"}],"replies":[{"embeddable":true,"href":"http:\/\/estructuras-de-impacto.impact-structures.com\/index.php?rest_route=%2Fwp%2Fv2%2Fcomments&post=125"}],"version-history":[{"count":0,"href":"http:\/\/estructuras-de-impacto.impact-structures.com\/index.php?rest_route=\/wp\/v2\/pages\/125\/revisions"}],"up":[{"embeddable":true,"href":"http:\/\/estructuras-de-impacto.impact-structures.com\/index.php?rest_route=\/wp\/v2\/pages\/119"}],"wp:attachment":[{"href":"http:\/\/estructuras-de-impacto.impact-structures.com\/index.php?rest_route=%2Fwp%2Fv2%2Fmedia&parent=125"}],"curies":[{"name":"wp","href":"https:\/\/api.w.org\/{rel}","templated":true}]}}