{"id":121,"date":"2011-12-02T15:55:16","date_gmt":"2011-12-02T15:55:16","guid":{"rendered":"http:\/\/cms.impact-structures.com\/?page_id=121"},"modified":"2012-05-01T08:48:21","modified_gmt":"2012-05-01T08:48:21","slug":"azuara-from-space","status":"publish","type":"page","link":"http:\/\/estructuras-de-impacto.impact-structures.com\/?page_id=121","title":{"rendered":"Azuara desde el espacio"},"content":{"rendered":"<p>Como puede apreciarse en el mapa extra\u00eddo del Google Earth (Fig. 1), Azuara y la estructura de impacto a la que da nombre quedan localizadas en el margen de la Cuenca del Ebro aproximadamente a unos 40 Km al sur de Zaragoza (la capital de provincia). A gran escala (Fig. 2), la estructura de Azuara puede visualizarse como ubicada en el margen NE de la cadena monta\u00f1osa de la Ib\u00e9rica (cadena plegada de edad Alpina). La parte Oeste de la cadena puede apreciarse en el margen izquierdo de la imagen con la carretera nacional N-234 cruzando la bella poblaci\u00f3n de Daroca.<\/p>\n<p><img loading=\"lazy\" decoding=\"async\" src=\"http:\/\/www.impact-structures.com\/spain\/space\/image002.gif\" alt=\"Image002\" width=\"312\" height=\"243\" \/><\/p>\n<p><strong>Fig. 1. Mapa de localizaci\u00f3n de la estructura de impacto de Azuara (extra\u00eddo de Google)<\/strong><\/p>\n<p><img loading=\"lazy\" decoding=\"async\" src=\"http:\/\/www.impact-structures.com\/spain\/space\/image004.gif\" alt=\"Image004\" width=\"581\" height=\"424\" \/><\/p>\n<p><strong>Fig. 2. Mapa de localizaci\u00f3n del \u00e1rea de Azuara (extra\u00eddo de Google)<\/strong><\/p>\n<p>Desde el espacio (Fig. 3), la estructura de Azuara muestra a gran escala una estructura circular con un distintivo anillo morfol\u00f3gico en su parte norte. La extrapolaci\u00f3n de este anillo se corresponde con un di\u00e1metro aproximado de unos 30 Km. La extensi\u00f3n total de la estructura parece ser mayor ya que existe una amplia zona exterior \u2013 descrita en detalle a lo largo de esta web \u2013 con grandes destrucciones de roca. A partir de los datos, la estructura de Azuara puede tener entre 35-40 Km de di\u00e1metro.<\/p>\n<p><img loading=\"lazy\" decoding=\"async\" src=\"http:\/\/www.impact-structures.com\/spain\/space\/image006.gif\" alt=\"Image006\" width=\"305\" height=\"317\" \/><\/p>\n<p><strong>Fig. 3. Imagen de sat\u00e9lite de la estructura de Azuara en la que puede apreciarse la prominente zona del anillo externo (extra\u00edda del Google Earth).\u00a0<\/strong><\/p>\n<p>Hace ya unos 20 a\u00f1os, el finado Johannes Fiebag, que encabez\u00f3 la investigaci\u00f3n de la estructura de Azuara, ya utiliz\u00f3 las im\u00e1genes de sat\u00e9lite para realizar investigaciones estructurales en el \u00e1rea de Azuara. De los an\u00e1lisis de lineaciones (Figs. 4 y 5) el citado autor fue capaz de demostrar que la estructura de Azuara es un caso extra\u00f1o dentro de la \u201cse\u00f1al\u201d geol\u00f3gica regional (Fiebag 1988, tesis doctoral). El autor hall\u00f3 una concentraci\u00f3n de elementos radiales y conc\u00e9ntricos as\u00ed como una significativamente mayor densidad del patr\u00f3n de fracturas en ambos casos relacionados con la estructura de Azuara.<\/p>\n<p><img loading=\"lazy\" decoding=\"async\" src=\"http:\/\/www.impact-structures.com\/spain\/space\/image008.gif\" alt=\"Image008\" width=\"342\" height=\"418\" \/><\/p>\n<p><strong>Fig. 4. An\u00e1lisis de lineaciones para la regi\u00f3n de Azuara basado en im\u00e1genes de sat\u00e9lite (DFVLR, 1 : 530,000).<\/strong><\/p>\n<p><img loading=\"lazy\" decoding=\"async\" src=\"http:\/\/www.impact-structures.com\/spain\/space\/image010.gif\" alt=\"Image010\" width=\"343\" height=\"408\" \/><\/p>\n<p><strong>Fig. 5. An\u00e1lisis de lineaciones para la regi\u00f3n de Azuara: Diagramas de rosas para \u00e1reas de 10 Km x 10 Km. Modificado de Fiebag (1988). La flecha de color verde se corresponde con la direcci\u00f3n general de la parte Este de la cadena Ib\u00e9rica.<\/strong><\/p>\n<p><span style=\"color: #ff0000;\"><br \/>\n<\/span><\/p>\n","protected":false},"excerpt":{"rendered":"<p>Como puede apreciarse en el mapa extra\u00eddo del Google Earth (Fig. 1), Azuara y la estructura de impacto a la que da nombre quedan localizadas en el margen de la Cuenca del Ebro aproximadamente a unos 40 Km al sur de Zaragoza (la capital de provincia). A gran escala (Fig. 2), la estructura de Azuara &hellip; <a href=\"http:\/\/estructuras-de-impacto.impact-structures.com\/?page_id=121\" class=\"more-link\">Continuar leyendo<span class=\"screen-reader-text\"> \u00abAzuara desde el espacio\u00bb<\/span><\/a><\/p>\n","protected":false},"author":1,"featured_media":0,"parent":119,"menu_order":0,"comment_status":"closed","ping_status":"closed","template":"sidebar-page.php","meta":{"footnotes":""},"class_list":["post-121","page","type-page","status-publish","hentry"],"yoast_head":"<!-- This site is optimized with the Yoast SEO plugin v27.3 - https:\/\/yoast.com\/product\/yoast-seo-wordpress\/ -->\n<title>Azuara desde el espacio - ERNSTSON CLAUDIN ESTRUCTURAS DE IMPACTO - CR\u00c1TERES METEOR\u00cdTICOS<\/title>\n<meta name=\"robots\" content=\"index, follow, max-snippet:-1, max-image-preview:large, max-video-preview:-1\" \/>\n<link rel=\"canonical\" href=\"https:\/\/estructuras-de-impacto.impact-structures.com\/?page_id=121\" \/>\n<meta property=\"og:locale\" content=\"es_ES\" \/>\n<meta property=\"og:type\" content=\"article\" \/>\n<meta property=\"og:title\" content=\"Azuara desde el espacio - ERNSTSON CLAUDIN ESTRUCTURAS DE IMPACTO - CR\u00c1TERES METEOR\u00cdTICOS\" \/>\n<meta property=\"og:description\" content=\"Como puede apreciarse en el mapa extra\u00eddo del Google Earth (Fig. 1), Azuara y la estructura de impacto a la que da nombre quedan localizadas en el margen de la Cuenca del Ebro aproximadamente a unos 40 Km al sur de Zaragoza (la capital de provincia). A gran escala (Fig. 2), la estructura de Azuara &hellip; Continuar leyendo &quot;Azuara desde el espacio&quot;\" \/>\n<meta property=\"og:url\" content=\"https:\/\/estructuras-de-impacto.impact-structures.com\/?page_id=121\" \/>\n<meta property=\"og:site_name\" content=\"ERNSTSON CLAUDIN ESTRUCTURAS DE IMPACTO - CR\u00c1TERES METEOR\u00cdTICOS\" \/>\n<meta property=\"article:modified_time\" content=\"2012-05-01T08:48:21+00:00\" \/>\n<meta property=\"og:image\" content=\"http:\/\/www.impact-structures.com\/spain\/space\/image002.gif\" \/>\n<meta name=\"twitter:card\" content=\"summary_large_image\" \/>\n<meta name=\"twitter:label1\" content=\"Tiempo de lectura\" \/>\n\t<meta name=\"twitter:data1\" content=\"2 minutos\" \/>\n<script type=\"application\/ld+json\" class=\"yoast-schema-graph\">{\"@context\":\"https:\\\/\\\/schema.org\",\"@graph\":[{\"@type\":\"WebPage\",\"@id\":\"https:\\\/\\\/estructuras-de-impacto.impact-structures.com\\\/?page_id=121\",\"url\":\"https:\\\/\\\/estructuras-de-impacto.impact-structures.com\\\/?page_id=121\",\"name\":\"Azuara desde el espacio - ERNSTSON CLAUDIN ESTRUCTURAS DE IMPACTO - CR\u00c1TERES METEOR\u00cdTICOS\",\"isPartOf\":{\"@id\":\"http:\\\/\\\/estructuras-de-impacto.impact-structures.com\\\/#website\"},\"primaryImageOfPage\":{\"@id\":\"https:\\\/\\\/estructuras-de-impacto.impact-structures.com\\\/?page_id=121#primaryimage\"},\"image\":{\"@id\":\"https:\\\/\\\/estructuras-de-impacto.impact-structures.com\\\/?page_id=121#primaryimage\"},\"thumbnailUrl\":\"http:\\\/\\\/www.impact-structures.com\\\/spain\\\/space\\\/image002.gif\",\"datePublished\":\"2011-12-02T15:55:16+00:00\",\"dateModified\":\"2012-05-01T08:48:21+00:00\",\"breadcrumb\":{\"@id\":\"https:\\\/\\\/estructuras-de-impacto.impact-structures.com\\\/?page_id=121#breadcrumb\"},\"inLanguage\":\"es\",\"potentialAction\":[{\"@type\":\"ReadAction\",\"target\":[\"https:\\\/\\\/estructuras-de-impacto.impact-structures.com\\\/?page_id=121\"]}]},{\"@type\":\"ImageObject\",\"inLanguage\":\"es\",\"@id\":\"https:\\\/\\\/estructuras-de-impacto.impact-structures.com\\\/?page_id=121#primaryimage\",\"url\":\"http:\\\/\\\/www.impact-structures.com\\\/spain\\\/space\\\/image002.gif\",\"contentUrl\":\"http:\\\/\\\/www.impact-structures.com\\\/spain\\\/space\\\/image002.gif\"},{\"@type\":\"BreadcrumbList\",\"@id\":\"https:\\\/\\\/estructuras-de-impacto.impact-structures.com\\\/?page_id=121#breadcrumb\",\"itemListElement\":[{\"@type\":\"ListItem\",\"position\":1,\"name\":\"Portada\",\"item\":\"http:\\\/\\\/estructuras-de-impacto.impact-structures.com\\\/\"},{\"@type\":\"ListItem\",\"position\":2,\"name\":\"Las estructuras de impacto en Espa\u00f1a\",\"item\":\"http:\\\/\\\/estructuras-de-impacto.impact-structures.com\\\/?page_id=1404\"},{\"@type\":\"ListItem\",\"position\":3,\"name\":\"La estructura de impacto de Azuara\",\"item\":\"http:\\\/\\\/estructuras-de-impacto.impact-structures.com\\\/?page_id=119\"},{\"@type\":\"ListItem\",\"position\":4,\"name\":\"Azuara desde el espacio\"}]},{\"@type\":\"WebSite\",\"@id\":\"http:\\\/\\\/estructuras-de-impacto.impact-structures.com\\\/#website\",\"url\":\"http:\\\/\\\/estructuras-de-impacto.impact-structures.com\\\/\",\"name\":\"ERNSTSON CLAUDIN ESTRUCTURAS DE IMPACTO - CR\u00c1TERES METEOR\u00cdTICOS\",\"description\":\"Investigaci\u00f3n sobre la geolog\u00eda, geof\u00edsica, y petrolog\u00eda\",\"potentialAction\":[{\"@type\":\"SearchAction\",\"target\":{\"@type\":\"EntryPoint\",\"urlTemplate\":\"http:\\\/\\\/estructuras-de-impacto.impact-structures.com\\\/?s={search_term_string}\"},\"query-input\":{\"@type\":\"PropertyValueSpecification\",\"valueRequired\":true,\"valueName\":\"search_term_string\"}}],\"inLanguage\":\"es\"}]}<\/script>\n<!-- \/ Yoast SEO plugin. -->","yoast_head_json":{"title":"Azuara desde el espacio - ERNSTSON CLAUDIN ESTRUCTURAS DE IMPACTO - CR\u00c1TERES METEOR\u00cdTICOS","robots":{"index":"index","follow":"follow","max-snippet":"max-snippet:-1","max-image-preview":"max-image-preview:large","max-video-preview":"max-video-preview:-1"},"canonical":"https:\/\/estructuras-de-impacto.impact-structures.com\/?page_id=121","og_locale":"es_ES","og_type":"article","og_title":"Azuara desde el espacio - ERNSTSON CLAUDIN ESTRUCTURAS DE IMPACTO - CR\u00c1TERES METEOR\u00cdTICOS","og_description":"Como puede apreciarse en el mapa extra\u00eddo del Google Earth (Fig. 1), Azuara y la estructura de impacto a la que da nombre quedan localizadas en el margen de la Cuenca del Ebro aproximadamente a unos 40 Km al sur de Zaragoza (la capital de provincia). A gran escala (Fig. 2), la estructura de Azuara &hellip; Continuar leyendo \"Azuara desde el espacio\"","og_url":"https:\/\/estructuras-de-impacto.impact-structures.com\/?page_id=121","og_site_name":"ERNSTSON CLAUDIN ESTRUCTURAS DE IMPACTO - CR\u00c1TERES METEOR\u00cdTICOS","article_modified_time":"2012-05-01T08:48:21+00:00","og_image":[{"url":"http:\/\/www.impact-structures.com\/spain\/space\/image002.gif","type":"","width":"","height":""}],"twitter_card":"summary_large_image","twitter_misc":{"Tiempo de lectura":"2 minutos"},"schema":{"@context":"https:\/\/schema.org","@graph":[{"@type":"WebPage","@id":"https:\/\/estructuras-de-impacto.impact-structures.com\/?page_id=121","url":"https:\/\/estructuras-de-impacto.impact-structures.com\/?page_id=121","name":"Azuara desde el espacio - ERNSTSON CLAUDIN ESTRUCTURAS DE IMPACTO - CR\u00c1TERES METEOR\u00cdTICOS","isPartOf":{"@id":"http:\/\/estructuras-de-impacto.impact-structures.com\/#website"},"primaryImageOfPage":{"@id":"https:\/\/estructuras-de-impacto.impact-structures.com\/?page_id=121#primaryimage"},"image":{"@id":"https:\/\/estructuras-de-impacto.impact-structures.com\/?page_id=121#primaryimage"},"thumbnailUrl":"http:\/\/www.impact-structures.com\/spain\/space\/image002.gif","datePublished":"2011-12-02T15:55:16+00:00","dateModified":"2012-05-01T08:48:21+00:00","breadcrumb":{"@id":"https:\/\/estructuras-de-impacto.impact-structures.com\/?page_id=121#breadcrumb"},"inLanguage":"es","potentialAction":[{"@type":"ReadAction","target":["https:\/\/estructuras-de-impacto.impact-structures.com\/?page_id=121"]}]},{"@type":"ImageObject","inLanguage":"es","@id":"https:\/\/estructuras-de-impacto.impact-structures.com\/?page_id=121#primaryimage","url":"http:\/\/www.impact-structures.com\/spain\/space\/image002.gif","contentUrl":"http:\/\/www.impact-structures.com\/spain\/space\/image002.gif"},{"@type":"BreadcrumbList","@id":"https:\/\/estructuras-de-impacto.impact-structures.com\/?page_id=121#breadcrumb","itemListElement":[{"@type":"ListItem","position":1,"name":"Portada","item":"http:\/\/estructuras-de-impacto.impact-structures.com\/"},{"@type":"ListItem","position":2,"name":"Las estructuras de impacto en Espa\u00f1a","item":"http:\/\/estructuras-de-impacto.impact-structures.com\/?page_id=1404"},{"@type":"ListItem","position":3,"name":"La estructura de impacto de Azuara","item":"http:\/\/estructuras-de-impacto.impact-structures.com\/?page_id=119"},{"@type":"ListItem","position":4,"name":"Azuara desde el espacio"}]},{"@type":"WebSite","@id":"http:\/\/estructuras-de-impacto.impact-structures.com\/#website","url":"http:\/\/estructuras-de-impacto.impact-structures.com\/","name":"ERNSTSON CLAUDIN ESTRUCTURAS DE IMPACTO - CR\u00c1TERES METEOR\u00cdTICOS","description":"Investigaci\u00f3n sobre la geolog\u00eda, geof\u00edsica, y petrolog\u00eda","potentialAction":[{"@type":"SearchAction","target":{"@type":"EntryPoint","urlTemplate":"http:\/\/estructuras-de-impacto.impact-structures.com\/?s={search_term_string}"},"query-input":{"@type":"PropertyValueSpecification","valueRequired":true,"valueName":"search_term_string"}}],"inLanguage":"es"}]}},"_links":{"self":[{"href":"http:\/\/estructuras-de-impacto.impact-structures.com\/index.php?rest_route=\/wp\/v2\/pages\/121","targetHints":{"allow":["GET"]}}],"collection":[{"href":"http:\/\/estructuras-de-impacto.impact-structures.com\/index.php?rest_route=\/wp\/v2\/pages"}],"about":[{"href":"http:\/\/estructuras-de-impacto.impact-structures.com\/index.php?rest_route=\/wp\/v2\/types\/page"}],"author":[{"embeddable":true,"href":"http:\/\/estructuras-de-impacto.impact-structures.com\/index.php?rest_route=\/wp\/v2\/users\/1"}],"replies":[{"embeddable":true,"href":"http:\/\/estructuras-de-impacto.impact-structures.com\/index.php?rest_route=%2Fwp%2Fv2%2Fcomments&post=121"}],"version-history":[{"count":0,"href":"http:\/\/estructuras-de-impacto.impact-structures.com\/index.php?rest_route=\/wp\/v2\/pages\/121\/revisions"}],"up":[{"embeddable":true,"href":"http:\/\/estructuras-de-impacto.impact-structures.com\/index.php?rest_route=\/wp\/v2\/pages\/119"}],"wp:attachment":[{"href":"http:\/\/estructuras-de-impacto.impact-structures.com\/index.php?rest_route=%2Fwp%2Fv2%2Fmedia&parent=121"}],"curies":[{"name":"wp","href":"https:\/\/api.w.org\/{rel}","templated":true}]}}